{"id":8,"date":"2010-01-27T00:25:07","date_gmt":"2010-01-26T23:25:07","guid":{"rendered":"http:\/\/www.educationusa.hu\/?page_id=8"},"modified":"2020-05-27T19:36:41","modified_gmt":"2020-05-27T18:36:41","slug":"osztondijak","status":"publish","type":"page","link":"https:\/\/edusa.ittvasarolok.eu\/?page_id=8","title":{"rendered":"\u00d6szt\u00f6nd\u00edj"},"content":{"rendered":"<h2><strong>\u00d6szt\u00f6nd\u00edjak Amerik\u00e1ba<\/strong><\/h2>\n<p><strong>Fulbright Program<\/strong><br \/>\nPosztgradu\u00e1lis hallgat\u00f3i, oktat\u00f3i \u00e9s kutat\u00f3i \u00f6szt\u00f6nd\u00edjak az Egyes\u00fclt \u00c1llamokba. Jelentkez\u00e9si hat\u00e1rid\u0151 \u00e9vente m\u00e1jusban \u00e9s okt\u00f3berben.<br \/>\n<a href=\"http:\/\/www.fulbright.hu\" target=\"_blank\">www.fulbright.hu<\/a><\/p>\n<p><strong>Magyar-Amerikai V\u00e1llalkoz\u00e1si \u00d6szt\u00f6nd\u00edj Alap (HAESF)<\/strong><br \/>\nSzakmai gyakorlat program, \u00d6szt\u00f6nd\u00edj rangid\u0151s vezet\u0151knek \u00e9s tud\u00f3soknak, V\u00e1llalkoz\u00e1s fejleszt\u00e9si program az Egyes\u00fclt \u00c1llamokba. Jelentkez\u00e9si hat\u00e1rid\u0151 \u00e9vente \u00e1prilisban \u00e9s okt\u00f3berben.<br \/>\n<a href=\"http:\/\/www.haesf.org\" target=\"_blank\">www.haesf.org<\/a><\/p>\n<p><strong>Rosztoczy Foundation<\/strong><br \/>\nPosztgradu\u00e1lis hallgat\u00f3i\/kutat\u00f3i \u00f6szt\u00f6nd\u00edjak. Jelentkez\u00e9s megh\u00edv\u00f3lev\u00e9llel legal\u00e1bb 9 h\u00f3nappal az \u00f6szt\u00f6nd\u00edj megkezd\u00e9se el\u0151tt.<br \/>\n<a href=\"http:\/\/www.rosztoczyfoundation.com\" target=\"_blank\">www.rosztoczyfoundation.com<\/a><\/p>\n<p><strong>Benjamin Franklin Transatlantic Fellowship Program<\/strong><br \/>\n4-hetes \u00f6szt\u00f6nd\u00edj k\u00f6z\u00e9piskol\u00e1soknak a Wake Forest Egyetemre, \u00c9szak-Karolin\u00e1ba 2018 nyar\u00e1n. Jelentkez\u00e9si hat\u00e1rid\u0151: 2018. febru\u00e1r. 4.<br \/>\n<a href=\"https:\/\/hu.usembassy.gov\/education-culture\/educational-exchanges\/#collapse1\" target=\"_blank\">hu.usembassy.gov\/education-culture\/educational-exchanges\/#collapse1<\/a><\/p>\n<p><strong>Kellner \u00d6szt\u00f6nd\u00edj Alap<\/strong><br \/>\n\u00d6szt\u00f6nd\u00edjak a Trinity College-ra \u00e9s a Bard College-ra az ELTE, SZTE, BCE \u00e9s BME VIK hallgat\u00f3i sz\u00e1m\u00e1ra. Jelentkez\u00e9si hat\u00e1rid\u0151 \u00e9vente m\u00e1rciusban.<br \/>\n<a href=\"http:\/\/kellner-scholarship.hu\/\" target=\"_blank\">kellner-scholarship.hu<\/a><\/p>\n<p><strong>Calasanctius Training Program (CTP)<\/strong><br \/>\nPosztgradu\u00e1lis hallgat\u00f3i \u00f6szt\u00f6nd\u00edjak New York \u00e1llamba. Jelentkez\u00e9si hat\u00e1rid\u0151 \u00e9vente janu\u00e1rban \u00e9s m\u00e1jusban.<br \/>\n<a href=\"http:\/\/www.ctpinfo.hu\" target=\"_blank\">www.ctpinfo.hu<\/a><\/p>\n<p><strong>Magyar \u00c1llami E\u00f6tv\u00f6s \u00d6szt\u00f6nd\u00edj<\/strong><br \/>\nPredoktori \u00e9s posztdoktori \u00f6szt\u00f6nd\u00edjak az Egyes\u00fclt \u00c1llamokba. Jelentkez\u00e9si hat\u00e1rid\u0151 \u00e9vente novemberben.<br \/>\n<a href=\"http:\/\/www.tka.hu\/palyazatok\/3004\/magyar-allami-eotvos-osztondij\" target=\"_blank\">www.tka.hu<\/a><\/p>\n<p><strong>Hungary Initiatives Foundation<\/strong><br \/>\nT\u00e1mogat\u00e1s konferencia-r\u00e9szv\u00e9telre, szakmai gyakorlatra, kultur\u00e1lis \u00e9s oktat\u00e1si programokra valamint posztgradu\u00e1lis k\u00e9pz\u00e9sekre.<br \/>\n<a href=\"https:\/\/www.hungaryfoundation.org\/programs-projects\/program-policy\/\" target=\"_blank\">www.hungaryfoundation.org<\/a><\/p>\n<p><strong>HMEP-SLU MBA Scholarship<\/strong><br \/>\nThe Hungary-Missouri Educational Partnership &#8211; Saint Louis University posztgradu\u00e1lis hallgat\u00f3i MBA \u00f6szt\u00f6nd\u00edjak a BME, BCE, DE, PPKE, PTE hallgat\u00f3i sz\u00e1m\u00e1ra. Jelentkez\u00e9si hat\u00e1rid\u0151 \u00e9vente okt\u00f3berben.<br \/>\n<a href=\"https:\/\/www.slu.edu\/business\/centers\/boeing-institute\/hmep\/hmep-slu-scholarship.php\" target=\"_blank\">www.slu.edu\/business\/centers\/boeing-institute\/hmep\/hmep-slu-scholarship.php<\/a><\/p>\n<p><strong>Saint Louis University Joe Adorjan Scholarship<\/strong><br \/>\nHallgat\u00f3i \u00f6szt\u00f6nd\u00edjak a Saint Louis University-re a PPKE hallgat\u00f3i sz\u00e1m\u00e1ra.<br \/>\n<a href=\"https:\/\/www.slu.edu\/arts-and-sciences\/political-science\/international-studies\/pdfs\/adorjan-scholarship-application.pdf\" target=\"_blank\">www.slu.edu\/arts-and-sciences\/political-science\/international-studies\/pdfs\/adorjan-scholarship-application.pdf<\/a><\/p>\n<p><strong>Rotary Magyarorsz\u00e1g<\/strong><br \/>\nGeorgia Rotary Student Program (GRSP) \u00d6szt\u00f6nd\u00edj. Jelentkez\u00e9si hat\u00e1rid\u0151 \u00e9vente okt\u00f3berben.<br \/>\n<a href=\"http:\/\/rotary.hu\/rotary-foundation\/aktualis-palyazatok\/grsp-osztondij-felhivas\/\" target=\"_blank\">www.rotary.hu<\/a><br \/>\nRotary Vil\u00e1gb\u00e9ke Egyetemi \u00d6szt\u00f6nd\u00edj a Duke University-re vagy a University of North Carolina at Chapel Hill-re. Jelentkez\u00e9si hat\u00e1rid\u0151 \u00e9vente m\u00e1jusban.<br \/>\n<a href=\"http:\/\/rotary.hu\/rotary-foundation\/aktualis-palyazatok\/rotary-vilagbeke-egyetemi-osztondij\/\" target=\"_blank\">www.rotary.hu<\/a><\/p>\n<p><strong>Klein Family Scholarship<\/strong><br \/>\n\u00d6szt\u00f6nd\u00edj v\u00e9gz\u0151s k\u00f6z\u00e9piskol\u00e1soknak a Sewanee &#8211; The University of the South-ra, Tennessee \u00e1llamba. Jelentkez\u00e9si hat\u00e1rid\u0151 \u00e9vente decemberben.<br \/>\n<a href=\"http:\/\/www.iie.org\/en\/Programs\/Klein-Family-Scholarship\" target=\"_blank\">www.iie.org\/en\/Programs\/Klein-Family-Scholarship<\/a><br \/>\n<a href=\"http:\/\/www.kleinfamilyscholarships.com\/\" target=\"_blank\">www.kleinfamilyscholarships.com<\/a><\/p>\n<p><strong>Sandor Turanyi Scholarship for Hungarian Students<\/strong><br \/>\n\u00d6szt\u00f6nd\u00edjak a University of Houston-ra Texas \u00e1llamba. Jelentkez\u00e9si hat\u00e1rid\u0151 \u00e9vente m\u00e1jusban.<br \/>\n<a href=\"http:\/\/universityofhoustonfoundation.org\/_scholarship-forms\/Turanyi%20Scholarship%20Application%20form1.pdf\" target=\"_blank\">universityofhoustonfoundation.org<\/a><\/p>\n<p><strong>Hungarian Visiting Fellowship<\/strong><br \/>\nPosztgradu\u00e1lis \u00f6szt\u00f6nd\u00edjak a Bard College Conservatory of Music-ra New York \u00e1llamba. Jelentkez\u00e9si hat\u00e1rid\u0151 \u00e9vente m\u00e1jusban.<br \/>\n<a href=\"http:\/\/www.bard.edu\/conservatory\" target=\"_blank\">www.bard.edu\/conservatory<\/a><\/p>\n<p><strong>R\u00e9zler Gyula Alap\u00edtv\u00e1ny<\/strong><br \/>\nPosztgradu\u00e1lis \u00f6szt\u00f6nd\u00edj a University of New Mexico-ra munka\u00fcgyi kapcsolatok\/medi\u00e1ci\u00f3 t\u00e9mak\u00f6rben \u00e9s az Indiana University, Bloomington-ra szociol\u00f3gia t\u00e9mak\u00f6rben. Jelentkez\u00e9si hat\u00e1rid\u0151 \u00e9vente okt\u00f3berben.<br \/>\n<a href=\"http:\/\/www.rezler-foundation.hu\" target=\"_blank\">www.rezler-foundation.hu<\/a><\/p>\n<p><strong>HAC Coalition Internship Program<\/strong><br \/>\nGyakornoki \u00f6szt\u00f6nd\u00edj Washington, DC-ben. Jelentkez\u00e9si hat\u00e1rid\u0151 folyamatosan.<br \/>\n<a href=\"http:\/\/www.hacusa.org\/en\/scholarships-internships\/coalition-internship-program\" target=\"_blank\">www.hacusa.org<\/a><\/p>\n<p><strong>Eisenhower Fellowship<\/strong><br \/>\n7 hetes \u00f6szt\u00f6nd\u00edj 32-45 \u00e9ves vezet\u0151knek.<br \/>\n<a href=\"http:\/\/www.efworld.org\/\" target=\"_blank\">www.efworld.org<\/a><\/p>\n<p><strong>John-Elizabeth Blaho Miller Fund<\/strong><br \/>\n\u00d6szt\u00f6nd\u00edj a Trinity Lutheran Seminary-ba, Columbus, Ohio, teol\u00f3gusoknak.<br \/>\n<a href=\"http:\/\/www.pittsburghfoundation.org\/scholarship\/2176\" target=\"_blank\">www.pittsburghfoundation.org<\/a><\/p>\n<p><strong>Jen\u0151 Balajthy Scholarship Fund<\/strong><br \/>\n\u00d6szt\u00f6nd\u00edj a University of Richmond-ra, reform\u00e1tus lelk\u00e9szek vagy presbiterek gyermekeinek, bachelor fokozat megszerz\u00e9s\u00e9hez.<br \/>\n<a href=\"http:\/\/www.educationusa.hu\/wp-content\/Balajthy.pdf\" target=\"_blank\">www.educationusa.hu<\/a><\/p>\n<p><strong>ReConnect Hungary\u2013Hungarian Birthright Program<\/strong><br \/>\n\u00d6szt\u00f6nd\u00edj magyar sz\u00e1rmaz\u00e1s\u00fa 18-26 \u00e9ves amerikai \u00e1llampolg\u00e1roknak Magyarorsz\u00e1gra.<br \/>\n<a href=\"http:\/\/www.reconnecthungary.org\/\" target=\"_blank\">www.reconnecthungary.org<\/a><\/p>\n<p><strong>Josephine De K\u00e1rm\u00e1n Fellowship Trust<\/strong><br \/>\n\u00d6szt\u00f6nd\u00edj m\u00e1r az Egyes\u00fclt \u00c1llamokban tanul\u00f3 doktoranduszoknak \u00e9s v\u00e9gz\u0151s BA\/BSc hallgat\u00f3knak. Jelentkez\u00e9si hat\u00e1rid\u0151 \u00e9vente janu\u00e1rban.<br \/>\n<a href=\"http:\/\/www.dekarman.org\" target=\"_blank\">www.dekarman.org<\/a><\/p>\n<p><strong>Paul Rupprecht \u00d6szt\u00f6nd\u00edj<\/strong><br \/>\nAz \u00f6szt\u00f6nd\u00edjra olyan 18-25 \u00e9v k\u00f6z\u00f6tti nappali k\u00e9pz\u00e9sben r\u00e9szt vev\u0151 di\u00e1kok p\u00e1ly\u00e1zhatnak, akik kapcsolatban \u00e1llnak a Minnesotai Magyarok szervezet\u00e9vel. Jelentkez\u00e9si hat\u00e1rid\u0151 \u00e9vente m\u00e1jusban.<br \/>\n<a href=\"http:\/\/www.minnesotahungarians.com\/node\/14\" target=\"_blank\">www.minnesotahungarians.com<\/a><\/p>\n<p><strong>Dr. Elem\u00e9r \u00e9s \u00c9va Kiss \u00d6szt\u00f6nd\u00edj Alap<\/strong><br \/>\n\u00d6szt\u00f6nd\u00edjak m\u00e1r az Egyes\u00fclt \u00c1llamokban tanul\u00f3 magyarok sz\u00e1m\u00e1ra.<br \/>\n<a href=\"http:\/\/www.hacusa.org\/en\/scholarships-internships\/dr-elemer-and-eva-kiss-scholarship-fund\" target=\"_blank\">www.hacusa.org<\/a><\/p>\n<p><strong>The Bogn\u00e1r Family Hungarian Scholarship Fund<\/strong><br \/>\n\u00d6szt\u00f6nd\u00edjak m\u00e1r az Egyes\u00fclt \u00c1llamokban tanul\u00f3 magyarok sz\u00e1m\u00e1ra.<br \/>\n<a href=\"http:\/\/www.hacusa.org\/en\/scholarships-internships\/TBFHSF\" target=\"_blank\">www.hacusa.org<\/a><\/p>\n<p><strong>International Student Exchange Program (ISEP)<\/strong><br \/>\n\u00d6szt\u00f6nd\u00edjak 100+ amerikai egyetemre a Debreceni Egyetem hallgat\u00f3i sz\u00e1m\u00e1ra. Jelentkez\u00e9si hat\u00e1rid\u0151 \u00e9vente decemberben.<br \/>\n<a href=\"http:\/\/mobi.unideb.hu\/isep2018tavasz\" target=\"_blank\">mobi.unideb.hu<\/a><br \/>\n<a href=\"http:\/\/www.isep.org\" target=\"_blank\">www.isep.org<\/a><\/p>\n<p><strong>Hungarian-American Business Leaders Program (HABL)<\/strong><br \/>\n\u00d6szt\u00f6nd\u00edjak a Quinnipiac University-re a Mathias Corvinus Collegium hallgat\u00f3i sz\u00e1m\u00e1ra. Jelentkez\u00e9si hat\u00e1rid\u0151 \u00e9vente novemberben.<br \/>\n<a href=\"http:\/\/mywebspace.quinnipiac.edu\/cball\/HABL.htm\" target=\"_blank\">www.quinnipiac.edu\/cball\/HABL.htm<\/a><br \/>\n<a href=\"http:\/\/www.mcc.hu\/pages\/573448b97fdea7e267fa97ce\" target=\"_blank\">www.mcc.hu<\/a><\/p>\n<p><strong>Hungarian Medical Association of America (HMAA)<\/strong><br \/>\n3 h\u00f3napos \u00f6szt\u00f6nd\u00edjak a SE, DE, SZTE, PTE utols\u00f3 \u00e9ves orvostanhallgat\u00f3inak a State University of New York (SUNY), Buffalo-ra.<br \/>\n<a href=\"http:\/\/www.amosz.extra.hu\/buffalo.html\" target=\"_blank\">www.amosz.extra.hu<\/a><br \/>\n<a href=\"http:\/\/www.hmaa.org\" target=\"_blank\">www.hmaa.org<\/a><\/p>\n<p><strong>Foreign Academic Cultural Exchange Services (FACES)<\/strong><br \/>\nLehet\u0151s\u00e9g szakk\u00e9pzett tan\u00e1roknak, hogy D\u00e9l-Karolina valamely \u00e1llami iskol\u00e1j\u00e1ban tan\u00edtsanak.<br \/>\n<a href=\"http:\/\/www.facesinc.org\/\" target=\"_blank\">www.facesinc.org<\/a><\/p>\n<p><strong>EasyGo to USA<\/strong><br \/>\nSport\u00f6szt\u00f6nd\u00edjak amerikai egyetemekre.<br \/>\n<a href=\"http:\/\/www.easygotousa.org\/\" target=\"_blank\">www.easygotousa.org<\/a><\/p>\n<div class=\"wp-caption alignnone\" style=\"width: 120px;\"><a href=\"http:\/\/www.educationusa.hu\/wp-content\/ThinkEducationUSA.pdf\" target=\"_blank\"><img loading=\"lazy\" class=\"alignnone size-full wp-image-430\" title=\"ThinkEducationUSA\" src=\"http:\/\/www.educationusa.hu\/wp-content\/ThinkEducationUSA.jpg\" alt=\"ThinkEducationUSA\" width=\"110\" height=\"171\" \/><\/a><\/p>\n<p class=\"wp-caption-text\">Discover yourself in America! Your Guide to Studying in the USA<\/p>\n<\/div>\n","protected":false},"excerpt":{"rendered":"<p>\u00d6szt\u00f6nd\u00edjak Amerik\u00e1ba Fulbright Program Posztgradu\u00e1lis hallgat\u00f3i, oktat\u00f3i \u00e9s kutat\u00f3i \u00f6szt\u00f6nd\u00edjak az Egyes\u00fclt \u00c1llamokba. Jelentkez\u00e9si hat\u00e1rid\u0151 \u00e9vente m\u00e1jusban \u00e9s okt\u00f3berben. www.fulbright.hu Magyar-Amerikai V\u00e1llalkoz\u00e1si \u00d6szt\u00f6nd\u00edj Alap (HAESF) Szakmai gyakorlat program, \u00d6szt\u00f6nd\u00edj rangid\u0151s vezet\u0151knek \u00e9s tud\u00f3soknak, V\u00e1llalkoz\u00e1s fejleszt\u00e9si program az Egyes\u00fclt \u00c1llamokba. Jelentkez\u00e9si hat\u00e1rid\u0151 \u00e9vente \u00e1prilisban \u00e9s okt\u00f3berben. www.haesf.org Rosztoczy Foundation Posztgradu\u00e1lis hallgat\u00f3i\/kutat\u00f3i \u00f6szt\u00f6nd\u00edjak. Jelentkez\u00e9s megh\u00edv\u00f3lev\u00e9llel legal\u00e1bb 9 [&hellip;]<\/p>\n","protected":false},"author":1,"featured_media":0,"parent":0,"menu_order":1000,"comment_status":"closed","ping_status":"closed","template":"","meta":[],"_links":{"self":[{"href":"https:\/\/edusa.ittvasarolok.eu\/index.php?rest_route=\/wp\/v2\/pages\/8"}],"collection":[{"href":"https:\/\/edusa.ittvasarolok.eu\/index.php?rest_route=\/wp\/v2\/pages"}],"about":[{"href":"https:\/\/edusa.ittvasarolok.eu\/index.php?rest_route=\/wp\/v2\/types\/page"}],"author":[{"embeddable":true,"href":"https:\/\/edusa.ittvasarolok.eu\/index.php?rest_route=\/wp\/v2\/users\/1"}],"replies":[{"embeddable":true,"href":"https:\/\/edusa.ittvasarolok.eu\/index.php?rest_route=%2Fwp%2Fv2%2Fcomments&post=8"}],"version-history":[{"count":140,"href":"https:\/\/edusa.ittvasarolok.eu\/index.php?rest_route=\/wp\/v2\/pages\/8\/revisions"}],"predecessor-version":[{"id":1024,"href":"https:\/\/edusa.ittvasarolok.eu\/index.php?rest_route=\/wp\/v2\/pages\/8\/revisions\/1024"}],"wp:attachment":[{"href":"https:\/\/edusa.ittvasarolok.eu\/index.php?rest_route=%2Fwp%2Fv2%2Fmedia&parent=8"}],"curies":[{"name":"wp","href":"https:\/\/api.w.org\/{rel}","templated":true}]}}