{"id":636,"date":"2010-10-20T11:46:08","date_gmt":"2010-10-20T10:46:08","guid":{"rendered":"http:\/\/www.educationusa.hu\/?page_id=636"},"modified":"2010-10-20T14:10:35","modified_gmt":"2010-10-20T13:10:35","slug":"orvosi-tanulmanyok","status":"publish","type":"page","link":"https:\/\/edusa.ittvasarolok.eu\/?page_id=636","title":{"rendered":"Orvosi tanulm\u00e1nyok"},"content":{"rendered":"<h2>Orvosi tanulm\u00e1nyok az Amerikai Egyes\u00fclt \u00c1llamokban<\/h2>\n<p>Az Egyes\u00fclt \u00c1llamokban az orvosdoktori v\u00e9gzetts\u00e9g megszerz\u00e9se sok \u00e9ves, t\u00f6bb oktat\u00e1si szinten \u00e1t\u00edvel\u0151 tanul\u00e1si folyamat eredm\u00e9nye.<\/p>\n<p>Az ehhez vezet\u0151 \u00fat els\u0151 l\u00e9p\u00e9se a k\u00f6z\u00e9piskol\u00e1t k\u00f6vet\u0151, Bachelor&#8217;s fokozatot ad\u00f3, <strong>n\u00e9gy \u00e9ves alapk\u00e9pz\u00e9s<\/strong> (<em>undergraduate college<\/em>) elv\u00e9gz\u00e9se. Az undergraduate tanulm\u00e1nyok m\u00e9g nem jelentenek orvosi jelleg\u0171 k\u00e9pz\u00e9st, de bizonyos t\u00e1rgyakban a hallgat\u00f3nak c\u00e9lszer\u0171 er\u0151s alapokat szereznie. A int\u00e9zm\u00e9ny k\u00edn\u00e1lhat orvosi el\u0151k\u00e9sz\u00edt\u0151 k\u00e9pz\u00e9st, \u00fan. <em>premed curriculum<\/em>-ot, ami seg\u00edthet eleget tenni annak a felv\u00e9teli k\u00f6vetelm\u00e9nynek, hogy az elv\u00e9gzett kurzusok k\u00f6z\u00f6tt megfelel\u0151 ar\u00e1nyban legyen biol\u00f3gia, fizika, szerves- \u00e9s szervetlen k\u00e9mia, matematika, t\u00e1rsadalom- \u00e9s hum\u00e1ntudom\u00e1nyok.<\/p>\n<p>Az ezt k\u00f6vet\u0151, ugyancsak n\u00e9gy \u00e9ves orvosi egyetemre, <strong>medical school<\/strong>-ba k\u00fcld\u00f6tt felv\u00e9teli anyag fontos elemei a k\u00f6vetkez\u0151k:<\/p>\n<ul>\n<li>milyen t\u00e1rgyakat \u00e9s milyen \u00e1tlageredm\u00e9nnyel (GPA) tanult a hallgat\u00f3,<\/li>\n<li>s hogyan teljes\u00edtett a felv\u00e9teli vizsg\u00e1n (MCAT). A felv\u00e9teli vizsga, a <strong>Medical College Admission Test \u2013 MCAT<\/strong> n\u00e9gy r\u00e9szb\u0151l \u00e1ll\u00f3, sz\u00e1m\u00edt\u00f3g\u00e9pes, feleletv\u00e1laszt\u00f3s teszt. A vizsg\u00e1ra az Association of American Medical Colleges (AAMC) honlapj\u00e1n kereszt\u00fcl lehet jelentkezni: <a href=\"http:\/\/www.aamc.org\/students\/mcat\/start.htm\" target=\"_blank\">www.aamc.org\/students\/mcat\/start.htm<\/a><br \/>\nR\u00e9szei:<\/p>\n<ul>\n<li>Verbal Reasoning,<\/li>\n<li>Physical Sciences,<\/li>\n<li>Writing Sample,<\/li>\n<li>Biological Sciences.<\/li>\n<\/ul>\n<\/li>\n<li>A fentiek mellett nagy s\u00falya van az aj\u00e1nl\u00f3leveleknek,<\/li>\n<li>a gy\u00f3gy\u00edt\u00f3 \u00e9s rehabilit\u00e1ci\u00f3s k\u00f6rnyezetben szerzett tapasztalatoknak,<\/li>\n<li>az \u00f6nk\u00e9ntes munk\u00e1nak,<\/li>\n<li>a tanulm\u00e1nyokon k\u00edv\u00fcli tev\u00e9kenys\u00e9gnek (extracurricural activities),<\/li>\n<li>a vezet\u0151i k\u00e9pess\u00e9geknek (leadership role)<\/li>\n<li>\u00e9s a jel\u00f6ltnek az interj\u00fa sor\u00e1n megmutatkoz\u00f3 eg\u00e9sz szem\u00e9lyis\u00e9g\u00e9nek.<\/li>\n<\/ul>\n<p>A <em>medical school<\/em> elv\u00e9gz\u00e9s\u00e9vel a hallgat\u00f3 megkapja az <strong>M.D. \u2013 Doctor of Medicine<\/strong> szakmai fokozatot, s ezzel befejezte az <em>undergraduate medical<\/em> tanulm\u00e1nyait.<\/p>\n<p>A k\u00f6vetkez\u0151 l\u00e9p\u00e9s, a mesterk\u00e9pz\u00e9s (<em>graduate medical education<\/em>) k\u00e9sz\u00edti fel az orvosokat \u2013 a rezidensi (<strong><em>residency<\/em><\/strong>) programon kereszt\u00fcl \u2013 egy szakter\u00fclet gyakorl\u00e1s\u00e1ra. <strong>Ez az a szint, ahol a magyarorsz\u00e1gi orvostudom\u00e1nyi egyetemeken orvosdoktori diplom\u00e1t szerzett hallgat\u00f3k bekapcsol\u00f3dhatnak az amerikai fels\u0151oktat\u00e1sba.<\/strong><\/p>\n<p>A rezidensk\u00e9nt k\u00f3rh\u00e1zi gyakorlatban val\u00f3 r\u00e9szv\u00e9tel felt\u00e9tele az, hogy a jel\u00f6lt el\u0151zetesen megszerezze az <strong>Educational Commission for Foreign Medical Graduates<\/strong> (<a href=\"http:\/\/www.ecfmg.org\" target=\"_blank\">ECFMG<\/a>) tan\u00fas\u00edtv\u00e1ny\u00e1t (<a href=\"http:\/\/www.ecfmg.org\/2010ib\/ibcert.html\" target=\"_blank\">Standard ECFMG Certificate<\/a>). Ennek k\u00f6vetelm\u00e9nyei:<\/p>\n<ul>\n<li>A jel\u00f6ltnek olyan egyetemen kell v\u00e9geznie, amely a v\u00e9gz\u00e9s \u00e9v\u00e9ben szerepel a FAIMER International Medical Education Directory (<a href=\"http:\/\/www.faimer.org\/resources\/imed.html\" target=\"_blank\">IMED<\/a>) adatb\u00e1zis\u00e1ban.<\/li>\n<li>A jel\u00f6ltnek diplom\u00e1ja hiteles\u00edtett m\u00e1solat\u00e1val \u00e9s ford\u00edt\u00e1s\u00e1val kell bizony\u00edtania, hogy orvosi tanulm\u00e1nyait befejezte.<\/li>\n<li>A jel\u00f6ltnek rendelkeznie kell olyan dokumentumokkal, amelyek igazolj\u00e1k, hogy abban az orsz\u00e1gban, ahol az orvosi tanulm\u00e1nyait v\u00e9gezte, jogosult praktiz\u00e1lni.<\/li>\n<li>Az ECFMG visszaigazol\u00e1st kap a jel\u00f6lt egyetem\u00e9t\u0151l a dokumentumok hiteless\u00e9g\u00e9t illet\u0151en.<\/li>\n<li>Le kell tennie a k\u00f6vetkez\u0151 vizsg\u00e1kat:\n<ul>\n<li>United States Medical Licensing Examination (<a href=\"http:\/\/usmle.org\/\" target=\"_blank\">USMLE<\/a>) Step 1 \u00e9s Step 2<\/li>\n<li>Test of English as a Foreign Language (<a href=\"http:\/\/www.ets.org\/toefl\" target=\"_blank\">TOEFL<\/a>)<\/li>\n<\/ul>\n<\/li>\n<p>A <strong>USMLE<\/strong> r\u00e9szei:<\/p>\n<ul>\n<li>Step 1 (basic medical science), 336 k\u00e9rd\u00e9s, 8 \u00f3ra tesztid\u0151: anatomy, behavioral sciences, biochemistry, microbiology, pathology, pharmacology, physiology, interdisciplinary topics<\/li>\n<li>Step 2 CK (Clinical Knowledge), 352 k\u00e9rd\u00e9s, 9 \u00f3ra tesztid\u0151: internal medicine, obstetrics and gynecology, pediatrics, preventive medicine, psychiatry, surgery, other areas<\/li>\n<li>Step 2 CS (Clinical Skills), 12 beteg, szimul\u00e1lt klinikai k\u00f6rnyezet, kb. 8 \u00f3ra tesztid\u0151: Integrated Clinical Encounter (ICE), Communication and Interpersonal Skills (CIS), Spoken English Proficiency (SEP)<\/li>\n<\/ul>\n<p>A Standard ECFMG Certificate birtok\u00e1ban lehet letenni a harmadik szakmai vizsg\u00e1t:<\/p>\n<ul>\n<li>Step 3: 480 feleletv\u00e1laszt\u00f3s k\u00e9rd\u00e9s, kb. 9 sz\u00e1m\u00edt\u00f3g\u00e9pes eset-szimul\u00e1ci\u00f3: Clinical Encounter Frame \u00e9s Physician Task<\/li>\n<\/ul>\n<p>Jelentkez\u00e9s a vizsg\u00e1kra:<\/p>\n<ul>\n<li>Step 1, Step 2 CK \u00e9s CS: Educational Commission for Foreign Medical Graduates (ECFMG)<\/li>\n<li>Step 3 inform\u00e1ci\u00f3: Federation of State Medical Boards (FSMB)<\/li>\n<\/ul>\n<p>Az ECFMG Certificate megszerz\u00e9se ill. a Step 3 ut\u00e1n lehet jelentkezni a National Residency Matching Program-ra. Az <a href=\"http:\/\/www.nrmp.org\/\" target=\"_blank\">NRMP<\/a> csak adminisztr\u00e1lja a programot, a jel\u00f6lteknek k\u00f6zvetlen\u00fcl a k\u00f3rh\u00e1zigazgat\u00f3kkal kell felvenni\u00fck a kapcsolatot \u00e9s p\u00e1rhuzamosan regisztr\u00e1ltatniuk magukat a programban. <\/p>\n<p>Inform\u00e1ci\u00f3 a residency programokr\u00f3l (<a href=\"http:\/\/www.ama-assn.org\/\" target=\"_blank\">American Medical Association \u2013 AMA<\/a>):<\/p>\n<ul>\n<li>Graduate Medical Education Directory (nyomtatott adatt\u00e1r)<\/li>\n<li><a href=\"http:\/\/www.ama-assn.org\/ama\/pub\/education-careers\/graduate-medical-education\/freida-online.shtml\" target=\"_blank\">FREIDA Online<\/a><\/li>\n<\/ul>\n<p>A program folyam\u00e1n szerzi meg a jel\u00f6lt a szakk\u00e9pes\u00edt\u00e9s\u00e9t. A v\u00e9gs\u0151 enged\u00e9ly elnyer\u00e9s\u00e9hez abban az \u00e1llamban is eleget kell tennie a speci\u00e1lis (pl. vizsga-) k\u00edv\u00e1nalmaknak, amelyben praktiz\u00e1lni szeretne (<a href=\"http:\/\/www.fsmb.org\/\" target=\"_blank\">Federation of State Medical Boards &#8211; FSMB<\/a>).<\/p>\n<p>Ha a magyar, orvosdoktori diplom\u00e1val rendelkez\u0151 hallgat\u00f3 <strong>nem mint orvos, hanem mint kutat\u00f3<\/strong> akar az Egyes\u00fclt \u00c1llamokban tov\u00e1bbtanulni, vagyis nem akar r\u00e9szt venni a betegell\u00e1t\u00e1sban, akkor nem sz\u00fcks\u00e9ges megszereznie az ECFMG Certificate-et. <strong>Graduate Master&#8217;s<\/strong> (esetleg k\u00f6zvetlen\u00fcl PhD) programra jelentkezhet, melyeknek felv\u00e9teli vizsg\u00e1i a Graduate Record Examinations (<a href=\"http:\/\/www.gre.org\/\" target=\"_blank\">GRE<\/a>) \u00e9s a <strong>TOEFL<\/strong>.<\/p>\n","protected":false},"excerpt":{"rendered":"<p>Orvosi tanulm\u00e1nyok az Amerikai Egyes\u00fclt \u00c1llamokban Az Egyes\u00fclt \u00c1llamokban az orvosdoktori v\u00e9gzetts\u00e9g megszerz\u00e9se sok \u00e9ves, t\u00f6bb oktat\u00e1si szinten \u00e1t\u00edvel\u0151 tanul\u00e1si folyamat eredm\u00e9nye. Az ehhez vezet\u0151 \u00fat els\u0151 l\u00e9p\u00e9se a k\u00f6z\u00e9piskol\u00e1t k\u00f6vet\u0151, Bachelor&#8217;s fokozatot ad\u00f3, n\u00e9gy \u00e9ves alapk\u00e9pz\u00e9s (undergraduate college) elv\u00e9gz\u00e9se. Az undergraduate tanulm\u00e1nyok m\u00e9g nem jelentenek orvosi jelleg\u0171 k\u00e9pz\u00e9st, de bizonyos t\u00e1rgyakban a hallgat\u00f3nak c\u00e9lszer\u0171 [&hellip;]<\/p>\n","protected":false},"author":1,"featured_media":0,"parent":2,"menu_order":1030,"comment_status":"open","ping_status":"open","template":"","meta":[],"_links":{"self":[{"href":"https:\/\/edusa.ittvasarolok.eu\/index.php?rest_route=\/wp\/v2\/pages\/636"}],"collection":[{"href":"https:\/\/edusa.ittvasarolok.eu\/index.php?rest_route=\/wp\/v2\/pages"}],"about":[{"href":"https:\/\/edusa.ittvasarolok.eu\/index.php?rest_route=\/wp\/v2\/types\/page"}],"author":[{"embeddable":true,"href":"https:\/\/edusa.ittvasarolok.eu\/index.php?rest_route=\/wp\/v2\/users\/1"}],"replies":[{"embeddable":true,"href":"https:\/\/edusa.ittvasarolok.eu\/index.php?rest_route=%2Fwp%2Fv2%2Fcomments&post=636"}],"version-history":[{"count":5,"href":"https:\/\/edusa.ittvasarolok.eu\/index.php?rest_route=\/wp\/v2\/pages\/636\/revisions"}],"predecessor-version":[{"id":642,"href":"https:\/\/edusa.ittvasarolok.eu\/index.php?rest_route=\/wp\/v2\/pages\/636\/revisions\/642"}],"up":[{"embeddable":true,"href":"https:\/\/edusa.ittvasarolok.eu\/index.php?rest_route=\/wp\/v2\/pages\/2"}],"wp:attachment":[{"href":"https:\/\/edusa.ittvasarolok.eu\/index.php?rest_route=%2Fwp%2Fv2%2Fmedia&parent=636"}],"curies":[{"name":"wp","href":"https:\/\/api.w.org\/{rel}","templated":true}]}}