{"id":634,"date":"2010-10-20T11:45:22","date_gmt":"2010-10-20T10:45:22","guid":{"rendered":"http:\/\/www.educationusa.hu\/?page_id=634"},"modified":"2010-10-20T12:03:29","modified_gmt":"2010-10-20T11:03:29","slug":"mernoki-tanulmanyok","status":"publish","type":"page","link":"https:\/\/edusa.ittvasarolok.eu\/?page_id=634","title":{"rendered":"M\u00e9rn\u00f6ki tanulm\u00e1nyok"},"content":{"rendered":"<h2>M\u00e9rn\u00f6ki tanulm\u00e1nyok az USA-ban<\/h2>\n<p>A m\u00e9rn\u00f6ki szakok tov\u00e1bbra is a legn\u00e9pszer\u0171bbek k\u00f6z\u00e9 tartoznak a nemzetk\u00f6zi di\u00e1kok k\u00f6r\u00e9ben. A legt\u00f6bben a villamosm\u00e9rn\u00f6ki, elektronikai m\u00e9rn\u00f6ki, g\u00e9p\u00e9szm\u00e9rn\u00f6ki \u00e9s \u00e9p\u00edt\u00e9szm\u00e9rn\u00f6ki szakokat v\u00e1lasztj\u00e1k. Az ut\u00f3bbi \u00e9vekben egyre t\u00f6bben szeretn\u00e9nek diplom\u00e1t szerezni eg\u00e9szs\u00e9g\u00fcgyi \u00e9s informatikai m\u00e9rn\u00f6ki szakokon.<\/p>\n<p><strong>Alap\/Mester\/Ph.D.<\/strong><\/p>\n<p>M\u00e9rn\u00f6ki tanulm\u00e1nyokat alapk\u00e9pz\u00e9sben, mesterk\u00e9pz\u00e9sben \u00e9s Ph.D. k\u00e9pz\u00e9sben is folytathatsz. Az alapk\u00e9pz\u00e9s \u00e1ltal\u00e1ban 4 \u00e9vig tart, a mester- \u00e9s Ph.D. k\u00e9pz\u00e9sek 2-7 \u00e9vet vesznek ig\u00e9nybe.<\/p>\n<p>Ha valaki nem m\u00e9rn\u00f6ki alapk\u00e9pz\u00e9sben vett r\u00e9szt, akkor is j\u00f3 es\u00e9llyel jelentkezhet m\u00e9rn\u00f6ki mesterk\u00e9pz\u00e9sre. Term\u00e9szetesen el\u0151ny, ha a m\u00e9rn\u00f6ki ter\u00fclethez valamennyire kapcsol\u00f3d\u00f3 szakon tanult el\u0151z\u0151leg a p\u00e1ly\u00e1z\u00f3. A fizika szak alapk\u00e9pz\u00e9sben p\u00e9ld\u00e1ul nagyon j\u00f3l felk\u00e9sz\u00edti a di\u00e1kokat m\u00e9rn\u00f6ki tanulm\u00e1nyok folytat\u00e1s\u00e1ra mesterfokon.<\/p>\n<p>N\u00e9h\u00e1ny neves int\u00e9zm\u00e9ny nem k\u00fcl\u00f6n\u00edti el a villamosm\u00e9rn\u00f6k, \u00e9p\u00edt\u00e9szm\u00e9rn\u00f6k, vegy\u00e9szm\u00e9rn\u00f6k vagy g\u00e9p\u00e9szm\u00e9rn\u00f6k szakokat, hanem egyszer\u0171en m\u00e9rn\u00f6ki diplom\u00e1t ad\u00f3 k\u00e9pz\u00e9seket ind\u00edt.<\/p>\n<p>Az egyetem kiv\u00e1laszt\u00e1s\u00e1n\u00e1l \u00e9rdemes figyelembe venni az al\u00e1bbi <strong>szempontok<\/strong>at:<\/p>\n<ul>\n<li>a tanulm\u00e1nyi program min\u0151s\u00e9ge \u00e9s rugalmass\u00e1ga<\/li>\n<li>az oktat\u00f3k k\u00e9pzetts\u00e9ge \u00e9s szakmai elismerts\u00e9ge<\/li>\n<li>a helyi t\u00e1rsadalmi ig\u00e9nyek figyelembe v\u00e9tele<\/li>\n<li>a kutat\u00e1si k\u00f6rnyezet, interdiszciplin\u00e1ris lehet\u0151s\u00e9gek<\/li>\n<li>nemzetk\u00f6zi kapcsolatok<\/li>\n<li>k\u00f6z\u00f6ss\u00e9gi, rekre\u00e1ci\u00f3s \u00e9s kultur\u00e1lis programok<\/li>\n<li>v\u00e1llalati kapcsolatok, egy\u00fcttm\u0171k\u00f6d\u0151 partnerek<\/li>\n<li>az int\u00e9zm\u00e9ny \u00e9rt\u00e9krendje, k\u00fcldet\u00e9se<\/li>\n<\/ul>\n<p>A sikeres <strong>felv\u00e9teli<\/strong>hez el\u0151ny, ha a di\u00e1k nemcsak azokb\u00f3l a t\u00e1rgyakb\u00f3l teljes\u00edtett j\u00f3l, amelyek a m\u00e9rn\u00f6ki tanulm\u00e1nyokhoz n\u00e9lk\u00fcl\u00f6zhetetlenek, hanem egy\u00e9b ter\u00fcleteken is j\u00f3 eredm\u00e9nyeket \u00e9rt el. Fontosak az essz\u00e9\u00edr\u00e1si ismeretek, \u00e9s az \u00e9rthet\u0151 \u00e9s logikailag k\u00f6vethet\u0151 v\u00e9lem\u00e9nykifejt\u00e9s k\u00e9pess\u00e9ge. A mesterk\u00e9pz\u00e9sre val\u00f3 jelentkez\u00e9skor nem csak TOEFL, hanem GRE vizsg\u00e1t is kell tenni.<\/p>\n<p>T\u00f6bb mint 350 amerikai fels\u0151oktat\u00e1si int\u00e9zm\u00e9ny k\u00edn\u00e1l alapk\u00e9pz\u00e9st valamilyen m\u00e9rn\u00f6ki ter\u00fcleten. Ezek k\u00f6z\u00fcl legal\u00e1bb 25-ben lehet minden k\u00f6lts\u00e9get fedez\u0151 \u00f6szt\u00f6nd\u00edjra p\u00e1ly\u00e1zni. Az Egyes\u00fclt \u00c1llamok ny\u00fajtja a vil\u00e1gon a legjobb lehet\u0151s\u00e9geket a m\u00e9rn\u00f6khallgat\u00f3k sz\u00e1m\u00e1ra!<\/p>\n<p><strong>M\u00e9rn\u00f6ki \u00f6szt\u00f6nd\u00edjak<\/strong>:<br \/>\nInternational Fulbright Science and Technology Award<br \/>\n<a href=\"http:\/\/www.fulbright.hu\/exchange\/scienceandtech.htm\" target=\"_blank\">www.fulbright.hu\/exchange\/scienceandtech.htm<\/a><br \/>\nFulbright \u2013 Simonyi m\u0171szaki \u00f6szt\u00f6nd\u00edj<br \/>\n<a href=\"http:\/\/www.fulbright.hu\/exchange\/simonyi.htm\" target=\"_blank\">www.fulbright.hu\/exchange\/simonyi.htm<\/a><br \/>\nFulbright \u2013 Florida Institute of Technology k\u00f6z\u00f6s posztgradu\u00e1lis hallgat\u00f3i \u00f6szt\u00f6nd\u00edj<br \/>\n<a href=\"http:\/\/www.fulbright.hu\/exchange\/fit.htm\" target=\"_blank\">www.fulbright.hu\/exchange\/fit.htm<\/a><br \/>\nFulbright \u2013 Tur\u00e1nyi \u00f6szt\u00f6nd\u00edj, University of Houston<br \/>\n<a href=\"http:\/\/www.fulbright.hu\/exchange\/uh.htm\" target=\"_blank\">www.fulbright.hu\/exchange\/uh.htm<\/a><br \/>\nFulbright \u2013 Demj\u00e1n k\u00f6z\u00f6s posztgradu\u00e1lis hallgat\u00f3i \u00f6szt\u00f6nd\u00edj<br \/>\n<a href=\"http:\/\/www.fulbright.hu\/exchange\/demjan.htm\" target=\"_blank\">www.fulbright.hu\/exchange\/demjan.htm<\/a><\/p>\n<p><strong>Funding for US Study<\/strong><br \/>\nAdatb\u00e1zis \u00f6szt\u00f6nd\u00edjakr\u00f3l<br \/>\n<a href=\"http:\/\/www.fundingusstudy.org\" target=\"_blank\">www.fundingusstudy.org<\/a><\/p>\n<p><strong>Optional Practical Training Progam<\/strong><br \/>\nAz F-1 v\u00edzummal rendelkez\u0151 hallgat\u00f3k Gyakorlati K\u00e9pz\u00e9si Programban vehetnek r\u00e9szt, amely lehet\u0151v\u00e9 teszi, hogy 9 h\u00f3napnyi amerikai tanulm\u00e1nyokat k\u00f6vet\u0151en, szakter\u00fclet\u00fckh\u00f6z k\u00f6t\u0151d\u0151 munk\u00e1t v\u00e9gezzenek tanulm\u00e1nyaik befejez\u00e9se el\u0151tt, k\u00f6zben vagy ut\u00e1n \u00f6sszesen 12 h\u00f3napon kereszt\u00fcl. Ezt a 12 h\u00f3napot m\u00e9rn\u00f6k\u00f6k eset\u00e9ben tov\u00e1bbi 17 h\u00f3nappal meg lehet hosszabb\u00edtani.<br \/>\nTov\u00e1bbi r\u00e9szletek angolul:<br \/>\n<a href=\"http:\/\/www.uscis.gov\/portal\/site\/uscis\/menuitem.5af9bb95919f35e66f614176543f6d1a\/?vgnextoid=9a3d3dd87aa19110VgnVCM1000004718190aRCRD&#038;vgnextchannel=68439c7755cb9010VgnVCM10000045f3d6a1RCRD\" target=\"_blank\">www.uscis.gov<\/a><\/p>\n<p><strong>Hasznos linkek a m\u00e9rn\u00f6ki tanulm\u00e1nyokhoz<\/strong>:<\/p>\n<p><strong>Accreditation Board for Engineering and Technology (ABET)<\/strong><br \/>\nAz ABET akkredit\u00e1lja az alkalmazott tudom\u00e1nyok ter\u00fclet\u00e9n az egyetemeket..<br \/>\n<a href=\"http:\/\/www.abet.org\" target=\"_blank\">www.abet.org<\/a><\/p>\n<p><strong>American Society for Engineering Education<\/strong><br \/>\nA m\u00e9rn\u00f6ki tudom\u00e1nyok fejleszt\u00e9s\u00e9\u00e9rt l\u00e9trehozott non-profit szervezet.<br \/>\n<a href=\"http:\/\/www.asee.org\" target=\"_blank\">www.asee.org<\/a><\/p>\n<p><strong>EWeek<\/strong><br \/>\nA m\u00e9rn\u00f6ktudom\u00e1nyok n\u00e9pszer\u0171s\u00edt\u00e9s\u00e9re.<br \/>\n<a href=\"http:\/\/www.eweek.org\" target=\"_blank\">www.eweek.org<\/a><\/p>\n<p><strong>The National Council of Examiners for Engineering and Surveying (NCEES)<\/strong><br \/>\n<a href=\"http:\/\/www.ncees.org\" target=\"_blank\">www.ncees.org<\/a><\/p>\n<p><strong>National Society of Professional Engineers<\/strong><br \/>\nForr\u00e1s k\u00f6z\u00e9piskol\u00e1sok \u00e9s egyetmist\u00e1k r\u00e9sz\u00e9re a m\u00e9rn\u00f6k szakm\u00e1r\u00f3l \u00e9s a m\u00e9rn\u00f6k\u00f6k szerep\u00e9r\u0151l napjainkban.<br \/>\n<a href=\"http:\/\/www.nspe.org\/students\/home.asp\" target=\"_blank\">www.nspe.org<\/a><\/p>\n<p><strong>Society of Women Engineers<\/strong><br \/>\nM\u00e9rn\u00f6kn\u0151knek.<br \/>\n<a href=\"http:\/\/www.swe.org\" target=\"_blank\">www.swe.org<\/a><\/p>\n<p><strong>U.S. Department of Labor, Bureau of Labor Statistics Occupational Outlook Handbook<\/strong><br \/>\nA m\u00e9rn\u00f6ki szakma \u00e1ttekint\u00e9se, karrierlehet\u0151s\u00e9gekkel \u00e9s m\u00e1s hozz\u00e1 kapcsolhat\u00f3 ter\u00fcletekkel.<br \/>\n<a href=\"http:\/\/www.bls.gov\/oco\/ocos027.htm\" target=\"_blank\">www.bls.gov<\/a><\/p>\n<p>Tov\u00e1bbi inform\u00e1ci\u00f3:<br \/>\n<a href=\"http:\/\/www.educationusaconnections.iienetwork.org\" target=\"_blank\">www.educationusaconnections.iienetwork.org<\/a><br \/>\n<a href=\"http:\/\/www.collegeboard.com\" target=\"_blank\">www.collegeboard.com<\/a><\/p>\n","protected":false},"excerpt":{"rendered":"<p>M\u00e9rn\u00f6ki tanulm\u00e1nyok az USA-ban A m\u00e9rn\u00f6ki szakok tov\u00e1bbra is a legn\u00e9pszer\u0171bbek k\u00f6z\u00e9 tartoznak a nemzetk\u00f6zi di\u00e1kok k\u00f6r\u00e9ben. A legt\u00f6bben a villamosm\u00e9rn\u00f6ki, elektronikai m\u00e9rn\u00f6ki, g\u00e9p\u00e9szm\u00e9rn\u00f6ki \u00e9s \u00e9p\u00edt\u00e9szm\u00e9rn\u00f6ki szakokat v\u00e1lasztj\u00e1k. Az ut\u00f3bbi \u00e9vekben egyre t\u00f6bben szeretn\u00e9nek diplom\u00e1t szerezni eg\u00e9szs\u00e9g\u00fcgyi \u00e9s informatikai m\u00e9rn\u00f6ki szakokon. Alap\/Mester\/Ph.D. M\u00e9rn\u00f6ki tanulm\u00e1nyokat alapk\u00e9pz\u00e9sben, mesterk\u00e9pz\u00e9sben \u00e9s Ph.D. k\u00e9pz\u00e9sben is folytathatsz. Az alapk\u00e9pz\u00e9s \u00e1ltal\u00e1ban 4 [&hellip;]<\/p>\n","protected":false},"author":1,"featured_media":0,"parent":2,"menu_order":1020,"comment_status":"open","ping_status":"open","template":"","meta":[],"_links":{"self":[{"href":"https:\/\/edusa.ittvasarolok.eu\/index.php?rest_route=\/wp\/v2\/pages\/634"}],"collection":[{"href":"https:\/\/edusa.ittvasarolok.eu\/index.php?rest_route=\/wp\/v2\/pages"}],"about":[{"href":"https:\/\/edusa.ittvasarolok.eu\/index.php?rest_route=\/wp\/v2\/types\/page"}],"author":[{"embeddable":true,"href":"https:\/\/edusa.ittvasarolok.eu\/index.php?rest_route=\/wp\/v2\/users\/1"}],"replies":[{"embeddable":true,"href":"https:\/\/edusa.ittvasarolok.eu\/index.php?rest_route=%2Fwp%2Fv2%2Fcomments&post=634"}],"version-history":[{"count":5,"href":"https:\/\/edusa.ittvasarolok.eu\/index.php?rest_route=\/wp\/v2\/pages\/634\/revisions"}],"predecessor-version":[{"id":641,"href":"https:\/\/edusa.ittvasarolok.eu\/index.php?rest_route=\/wp\/v2\/pages\/634\/revisions\/641"}],"up":[{"embeddable":true,"href":"https:\/\/edusa.ittvasarolok.eu\/index.php?rest_route=\/wp\/v2\/pages\/2"}],"wp:attachment":[{"href":"https:\/\/edusa.ittvasarolok.eu\/index.php?rest_route=%2Fwp%2Fv2%2Fmedia&parent=634"}],"curies":[{"name":"wp","href":"https:\/\/api.w.org\/{rel}","templated":true}]}}