{"id":630,"date":"2010-10-20T11:32:38","date_gmt":"2010-10-20T10:32:38","guid":{"rendered":"http:\/\/www.educationusa.hu\/?page_id=630"},"modified":"2014-08-27T11:49:31","modified_gmt":"2014-08-27T10:49:31","slug":"uzleti-tanulmanyok","status":"publish","type":"page","link":"https:\/\/edusa.ittvasarolok.eu\/?page_id=630","title":{"rendered":"\u00dczleti tanulm\u00e1nyok"},"content":{"rendered":"<h2>\u00dczleti \/ Business tanulm\u00e1nyok az Egyes\u00fclt \u00c1llamokban<\/h2>\n<p><a href=\"http:\/\/www.accessmba.com\/mba-events\/access-mba-tour\/budapest-may-2\/index.html\" target=\"_blank\"><img title=\"AccessMBA\" src=\"http:\/\/www.educationusa.hu\/wp-content\/Banner_Access-MBA_300x250_eng.gif\" border=\"0\" alt=\"AccessMBA\" \/><\/a><br \/>\nAmennyiben az \u00fczleti tudom\u00e1nyok ir\u00e1nt \u00e9rdekl\u0151dsz, m\u00e1r a k\u00f6z\u00e9piskolai tanulm\u00e1nyaid befejez\u00e9s\u00e9t k\u00f6vet\u0151en, az <strong>alapk\u00e9pz\u00e9s<\/strong> (<strong><em>undergraduate<\/em><\/strong>) keret\u00e9n bel\u00fcl folytathatsz business tanulm\u00e1nyokat az amerikai fels\u0151oktat\u00e1sban. A kifejezetten \u00fczleti tanulm\u00e1nyokra szakosodott egyetemeken f\u0151 szakk\u00e9nt (<strong><em>major<\/em><\/strong>) olyan \u00fczleti tudom\u00e1nyokkal kapcsolatos tant\u00e1rgyakat v\u00e1laszthatsz, melyek alapvet\u0151en az \u00fczleti \u00e9letben val\u00f3 akt\u00edv r\u00e9szv\u00e9telre k\u00e9sz\u00edtenek fel (ilyen pl: \u00fczleti kommunik\u00e1ci\u00f3, p\u00e9nz\u00fcgyi ismeretek, v\u00e1llalkoz\u00e1s rendszerelemz\u00e9s, nemzetk\u00f6zi \u00fczleti ismeretek, stb). A v\u00e1lasztott f\u0151 szak mellett m\u00e1s ter\u00fcleteken is b\u0151v\u00edtheted a tud\u00e1sod \u00e9s felvehetsz egy\u00e9b, kieg\u00e9sz\u00edt\u0151 (<em>minor<\/em>), nem felt\u00e9tlen\u00fcl az \u00fczleti tudom\u00e1nyokhoz kapcsol\u00f3d\u00f3 t\u00e1rgyakat is, mint p\u00e9ld\u00e1ul t\u00f6rt\u00e9nelem, jog, nemzetk\u00f6zi k\u00f6zgazdas\u00e1gtan, szociol\u00f3gia, k\u00f6rnyezetv\u00e9delem vagy ak\u00e1r nyelvek.<\/p>\n<p>A felv\u00e9teli els\u0151 l\u00e9p\u00e9se a programokr\u00f3l val\u00f3 t\u00e1j\u00e9koz\u00f3d\u00e1s \u00e9s az iskol\u00e1kkal val\u00f3 kapcsolatfelv\u00e9tel, majd a sz\u00fcks\u00e9ges nyelvi \u00e9s felv\u00e9teli tesztek let\u00e9tele (<strong>TOEFL<\/strong>, <strong>ACT<\/strong> vagy <strong>SAT<\/strong>, valamint <strong>SAT Subject<\/strong>). Ezt k\u00f6vet\u0151en az on-line jelentkez\u00e9s kit\u00f6lt\u00e9se, v\u00e9g\u00fcl pedig a jelentkez\u00e9si csomag (application package) elk\u00fcld\u00e9se a pontos hat\u00e1rid\u0151 betart\u00e1s\u00e1val, mely tartalmazza az \u00f6n\u00e9letrajzod, aj\u00e1nl\u00f3leveleket, motiv\u00e1ci\u00f3s essz\u00e9d a tanulm\u00e1nyi terveiddel, valamint az eddigi tanulm\u00e1nyok igazol\u00e1sak\u00e9ppen a k\u00f6z\u00e9piskolai \u00e9s az \u00e9retts\u00e9gi bizony\u00edtv\u00e1nyod m\u00e1solata \u00e9s hiteles\u00edtett ford\u00edt\u00e1sa.<\/p>\n<p>4 \u00e9ves tanulm\u00e1nyod befejezt\u00e9vel a k\u00f6vetkez\u0151 v\u00e9gzetts\u00e9g valamelyik\u00e9t szerezheted meg:<\/p>\n<p><em>B.A. \u2013 Bachelor of Arts (in)<br \/>\nB.B.A. \u2013 Bachelor of Business Administration<br \/>\nB.Sc. \u2013 Bachelor of Science (in)<br \/>\nB.Sc.B.A. \u2013 Bachelor of Science in Business Administration<\/em><\/p>\n<p>M\u00e1r az <em>undergraduate<\/em> tanulm\u00e1nyaid sor\u00e1n is sz\u00e1mos lehet\u0151s\u00e9ged ny\u00edlik az \u00fczleti vil\u00e1gba val\u00f3 betekint\u00e9sre, sz\u00e9lesk\u00f6r\u0171 tud\u00e1sod kamatoztat\u00e1s\u00e1ra (esettanulm\u00e1nyokon, szakmai gyakorlaton, \u00e1ll\u00e1sb\u00f6rz\u00e9ken kereszt\u00fcl). Tan\u00e1raid \u00e9s az egyetemed karrier tan\u00e1csad\u00f3 k\u00f6zpontja minden seg\u00edts\u00e9get megad ahhoz, hogy kiv\u00e1l\u00f3an felk\u00e9sz\u00fclt p\u00e1ly\u00e1z\u00f3 \u00e9s sikeres munkaer\u0151 legy\u00e9l a piacon. K\u00fcl\u00f6nb\u00f6z\u0151 \u00f6n- \u00e9s k\u00e9szs\u00e9gismereti tesztekkel, karrier tan\u00e1csad\u00e1ssal, egy\u00e9ni konzult\u00e1ci\u00f3val, \u00f6n\u00e9letrajz\u00edr\u00f3 szemin\u00e1riumokkal, \u00e1ll\u00e1sinterj\u00fa gyakorlatokkal k\u00e9sz\u00edtik fel a di\u00e1kokat a p\u00e1lyakezd\u00e9sre vagy seg\u00edtik a k\u00f6vetkez\u0151 tanulm\u00e1nyi szint, a mesterk\u00e9pz\u00e9sen (Master) t\u00f6rt\u00e9n\u0151 tov\u00e1bbtanul\u00e1sban.<\/p>\n<p>A legismertebb <strong>mesterszint\u0171 (graduate)<\/strong> szint\u0171 k\u00e9pz\u00e9s az \u00fczleti tudom\u00e1nyok ter\u00fclet\u00e9n az \u00fan. <strong>M.B.A. \u2013 Master of Business Administration<\/strong>, melyet az alapdiploma, a bachelor fokozat megszerz\u00e9se ut\u00e1n lehet megkezdeni. Az M.B.A. fokozat megszerz\u00e9s\u00e9hez sz\u00fcks\u00e9ges tanulm\u00e1nyi id\u0151 \u00e1ltal\u00e1ban 2 \u00e9v, de l\u00e9teznek gyors\u00edtott, rendk\u00edv\u00fcl intenz\u00edv, ak\u00e1r 12-18 h\u00f3nap alatt elv\u00e9gezhet\u0151 tanulm\u00e1nyi programok is. Hasonl\u00f3k\u00e9ppen az undergraduate fokozatokhoz, a mesterk\u00e9pz\u00e9sben megszerzett fokozat a v\u00e1lasztott szakir\u00e1nyra utal, mint pl: szervezeti menedzsment, p\u00e9nz\u00fcgy, statisztika, marketing, ad\u00f3z\u00e1s.<\/p>\n<p><em>M.A. \u2013 Master of Arts (in)<br \/>\nM.Sc. \u2013 Master of Science (in)<br \/>\nM.Tax \u2013 Master of Taxation<br \/>\nM.I.B.M. \u2013 Master of International Business and Management<br \/>\nExecutive M.B.A.<\/em><\/p>\n<p>Az amerikai egyetemek \u00e1ltal k\u00edn\u00e1lt M.B.A. programok igen n\u00e9pszer\u0171ek mind az amerikai, mind a k\u00fclf\u00f6ldi hallgat\u00f3k k\u00f6r\u00e9ben \u00e9s az eg\u00e9sz vil\u00e1gon elismertek, de csak igen kiv\u00e1l\u00f3 felv\u00e9teli eredm\u00e9nnyel lehet ezekre beker\u00fclni. \u00c1ltal\u00e1nosnak mondhat\u00f3, hogy a legt\u00f6bb <em>b-school<\/em> felv\u00e9teli felt\u00e9telk\u00e9nt szabja meg, hogy a jel\u00f6ltek minimum 2 \u00e9ves szakmai gyakorlattal rendelkezzenek, ilyenkor j\u00f3l j\u00f6n az alapk\u00e9pz\u00e9s idej\u00e9n elv\u00e9gzett szakmai gyakorlat (<em>internship<\/em>). Ezek az iskol\u00e1k olyan hallgat\u00f3kat keresnek, akik k\u00e9pesek a csapatmunk\u00e1ra, rendelkeznek vezet\u0151i k\u00e9pess\u00e9gekkel \u00e9s j\u00f3 kommunik\u00e1ci\u00f3s k\u00e9szs\u00e9ggel, ugyanakkor a business el\u0151tanulm\u00e1nyok megl\u00e9te nem felt\u00e9tel.<\/p>\n<p>Viszont minden felv\u00e9teliz\u0151 sz\u00e1m\u00e1ra k\u00f6telez\u0151 a nyelvi tud\u00e1sszintet igazol\u00f3 <strong>TOEFL<\/strong> vizsga valamint egy \u00e1ltal\u00e1nos k\u00e9szs\u00e9geket, k\u00e9pess\u00e9geket felm\u00e9r\u0151 felv\u00e9teli teszt az \u00fan. <strong>GMAT<\/strong> (<em>Graduate Management Admissions Test<\/em>) let\u00e9tele. Ez a sz\u00e1m\u00edt\u00f3g\u00e9pes, feleletv\u00e1laszt\u00f3s teszt \u00e1ltal\u00e1nos matematikai (<em>quantitative<\/em>), nyelvi (<em>verbal<\/em>) \u00e9s \u00edr\u00e1sbeli (<em>analytical writing<\/em>) ismereteket m\u00e9r egy 200-800 pont k\u00f6z\u00f6tti sk\u00e1l\u00e1n. Minden int\u00e9zm\u00e9ny saj\u00e1t maga hat\u00e1rozza meg a sz\u00e1mukra elfogadott pontsz\u00e1mot mind a TOEFL, mind a GMAT vizsga eredm\u00e9ny\u00e9t illet\u0151en.<\/p>\n<p>A <strong>jelentkez\u00e9si anyagod<\/strong> (<em>application package<\/em>) az al\u00e1bbiakat kell, hogy tartalmazza:<\/p>\n<ul>\n<li>\u00f6n\u00e9letrajz,<\/li>\n<li>a fenti nyelvi \u00e9s szakmai tesztek eredm\u00e9nye,<\/li>\n<li>aj\u00e1nl\u00f3levelek,<\/li>\n<li>motiv\u00e1ci\u00f3s lev\u00e9l\/essz\u00e9 (<em>personal statement<\/em>),<\/li>\n<li>tanulm\u00e1nyi terv (<em>project proposal<\/em>),<\/li>\n<li>valamint az eddigi tanulm\u00e1nyok igazol\u00e1sak\u00e9ppen index \u00e9s diploma m\u00e1solata \u00e9s hiteles\u00edtett ford\u00edt\u00e1sa.<\/li>\n<\/ul>\n<p>Az \u00fczleti iskol\u00e1k k\u00e9pz\u00e9se k\u00f6ztudottan a legmagasabb befektet\u00e9si kateg\u00f3ri\u00e1ba tartozik. A tand\u00edj, sz\u00e1ll\u00e1s, meg\u00e9lhet\u00e9s, k\u00f6nyvek, szem\u00e9lyes kiad\u00e1sok el\u00e9rhetik a tan\u00e9venk\u00e9nti 45,000 doll\u00e1rt, de ak\u00e1r ett\u0151l m\u00e9g t\u00f6bbet is. A kimagasl\u00f3 felv\u00e9teli teljes\u00edtm\u00e9nyt ny\u00fajt\u00f3 k\u00fclf\u00f6ldi di\u00e1kok komoly tand\u00edjkedvezm\u00e9nyre sz\u00e1m\u00edthatnak, mellyel l\u00e9nyeges k\u00f6lts\u00e9gmegtakar\u00edt\u00e1st lehet el\u00e9rni, ezen k\u00edv\u00fcl sz\u00e1mos \u00f6szt\u00f6nd\u00edjlehet\u0151s\u00e9g (pl. Fulbright, HAESF, Calasanctius) is el\u00e9rhet\u0151 a magyar di\u00e1kok sz\u00e1m\u00e1ra.<\/p>\n<p>Az al\u00e1bbi hasznos linkek seg\u00edtenek a tov\u00e1bbi t\u00e1j\u00e9koz\u00f3d\u00e1sban:<\/p>\n<p><a href=\"http:\/\/www.aacsb.edu\" target=\"_blank\">www.aacsb.edu<\/a> \u2013 Association to Advance Collegiate Schools of Business<br \/>\n<a href=\"http:\/\/www.mba.com\" target=\"_blank\">www.mba.com<\/a><br \/>\n<a href=\"http:\/\/www.businessweek.com\/business-schools\" target=\"_blank\">www.businessweek.com\/business-schools<\/a><br \/>\n<a href=\"http:\/\/www.topmba.com\/mba-tour\" target=\"_blank\">www.topmba.com\/mba-tour<\/a><br \/>\n<a href=\"http:\/\/www.gmat.hu\" target=\"_blank\">www.gmat.hu<\/a><\/p>\n","protected":false},"excerpt":{"rendered":"<p>\u00dczleti \/ Business tanulm\u00e1nyok az Egyes\u00fclt \u00c1llamokban Amennyiben az \u00fczleti tudom\u00e1nyok ir\u00e1nt \u00e9rdekl\u0151dsz, m\u00e1r a k\u00f6z\u00e9piskolai tanulm\u00e1nyaid befejez\u00e9s\u00e9t k\u00f6vet\u0151en, az alapk\u00e9pz\u00e9s (undergraduate) keret\u00e9n bel\u00fcl folytathatsz business tanulm\u00e1nyokat az amerikai fels\u0151oktat\u00e1sban. A kifejezetten \u00fczleti tanulm\u00e1nyokra szakosodott egyetemeken f\u0151 szakk\u00e9nt (major) olyan \u00fczleti tudom\u00e1nyokkal kapcsolatos tant\u00e1rgyakat v\u00e1laszthatsz, melyek alapvet\u0151en az \u00fczleti \u00e9letben val\u00f3 akt\u00edv r\u00e9szv\u00e9telre k\u00e9sz\u00edtenek fel [&hellip;]<\/p>\n","protected":false},"author":1,"featured_media":0,"parent":2,"menu_order":1010,"comment_status":"open","ping_status":"open","template":"","meta":[],"_links":{"self":[{"href":"https:\/\/edusa.ittvasarolok.eu\/index.php?rest_route=\/wp\/v2\/pages\/630"}],"collection":[{"href":"https:\/\/edusa.ittvasarolok.eu\/index.php?rest_route=\/wp\/v2\/pages"}],"about":[{"href":"https:\/\/edusa.ittvasarolok.eu\/index.php?rest_route=\/wp\/v2\/types\/page"}],"author":[{"embeddable":true,"href":"https:\/\/edusa.ittvasarolok.eu\/index.php?rest_route=\/wp\/v2\/users\/1"}],"replies":[{"embeddable":true,"href":"https:\/\/edusa.ittvasarolok.eu\/index.php?rest_route=%2Fwp%2Fv2%2Fcomments&post=630"}],"version-history":[{"count":8,"href":"https:\/\/edusa.ittvasarolok.eu\/index.php?rest_route=\/wp\/v2\/pages\/630\/revisions"}],"predecessor-version":[{"id":876,"href":"https:\/\/edusa.ittvasarolok.eu\/index.php?rest_route=\/wp\/v2\/pages\/630\/revisions\/876"}],"up":[{"embeddable":true,"href":"https:\/\/edusa.ittvasarolok.eu\/index.php?rest_route=\/wp\/v2\/pages\/2"}],"wp:attachment":[{"href":"https:\/\/edusa.ittvasarolok.eu\/index.php?rest_route=%2Fwp%2Fv2%2Fmedia&parent=630"}],"curies":[{"name":"wp","href":"https:\/\/api.w.org\/{rel}","templated":true}]}}