{"id":606,"date":"2010-07-07T11:39:45","date_gmt":"2010-07-07T10:39:45","guid":{"rendered":"http:\/\/www.educationusa.hu\/?page_id=606"},"modified":"2017-10-04T11:29:59","modified_gmt":"2017-10-04T10:29:59","slug":"miert-az-usa","status":"publish","type":"page","link":"https:\/\/edusa.ittvasarolok.eu\/?page_id=606","title":{"rendered":"Mi\u00e9rt az USA?"},"content":{"rendered":"<h2><strong>Mi\u00e9rt az USA?<\/strong><\/h2>\n<p><strong>Nyelvtanul\u00e1s, kaland, karrier<\/strong><\/p>\n<p>B\u00e1tran bevallhatjuk, hogy kev\u00e9s ann\u00e1l men\u0151bb dolog van, minthogy valaki az USA-ban j\u00e1rjon egyetemre. De tudnod kell, nagyon megk\u00e9rik az \u00e1r\u00e1t annak, hogy megismerhesd a leg\u00fajabb oktat\u00e1si trendeket, a legmodernebb technol\u00f3gi\u00e1t \u00e9s az elk\u00e9peszt\u0151en m\u00e1s szeml\u00e9letm\u00f3dot. Az amerikaiak erre azt mondj\u00e1k: a fels\u0151fok\u00fa tanulm\u00e1nyaidat egyfajta befektet\u00e9sk\u00e9nt kell felfognod, ami hossz\u00fa t\u00e1von biztosan megt\u00e9r\u00fcl. Hazat\u00e9r\u0151 hallgat\u00f3k besz\u00e1mol\u00f3i alapj\u00e1n \u00e1ll\u00edthatjuk, hogy az USA-ban tanulni egy \u00e9letre sz\u00f3l\u00f3 \u00e9lm\u00e9ny. Kit\u00e1rul a vil\u00e1g, hiszen:<\/p>\n<ul type=\"square\">\n<li>T\u00f6bb tucat k\u00fcl\u00f6nb\u00f6z\u0151 nemzetis\u00e9g\u0171 fiatallal tal\u00e1lkozhatsz ak\u00e1r napi szinten,<\/li>\n<li>T\u00f6bb sz\u00e1z tant\u00e1rgy k\u00f6z\u00fcl v\u00e1logathatsz, hogy \u00f6ssze\u00e1ll\u00edtsd szem\u00e9lyre sz\u00f3l\u00f3 \u00f3rarended,<\/li>\n<li>Egy orsz\u00e1gon bel\u00fcl felfedezhetsz sivatagot, \u00f3ce\u00e1nt, bio-farmokat \u00e9s p\u00f6rg\u0151 nagyv\u00e1rosokat.<\/li>\n<\/ul>\n<p>Az Open Doors nemzetk\u00f6zi statisztik\u00e1ja alapj\u00e1n Eur\u00f3p\u00e1b\u00f3l 2016-ban k\u00f6zel 100,000-en tanultak az Egyes\u00fclt \u00c1llamokban. Csak Magyarorsz\u00e1gr\u00f3l mintegy 800 di\u00e1k d\u00f6nt\u00f6tt \u00fagy, hogy sz\u00e1mukra vonz\u00f3bb az amerikai \u201eliberal arts\u201d, \u00e1tfog\u00f3, de rugalmas k\u00e9pz\u00e9s sz\u00e9les tant\u00e1rgyv\u00e1laszt\u00e9ka, vagy a mesterfokra jellemz\u0151 egyed\u00fcl\u00e1ll\u00f3 specializ\u00e1ci\u00f3k vagy \u00e9ppen az interdiszciplin\u00e1ris tanulm\u00e1nyi ter\u00fcletek lehet\u0151s\u00e9ge.<\/p>\n<p>A QS World University Rankings legfrissebb felm\u00e9r\u00e9se szerint a vil\u00e1g legjobb egyeteme a Massachusetts Institute of Technology (MIT), a top 10 egyetemb\u0151l 6 tal\u00e1lhat\u00f3 az USA-ban, a teljes list\u00e1n szerepl\u0151 egyetemeknek pedig az \u00f6t\u00f6de amerikai. Az USA fels\u0151oktat\u00e1s\u00e1nak n\u00e9pszer\u0171s\u00e9g\u00e9t jelzi, hogy minden tan\u00e9vben legal\u00e1bb 1 milli\u00f3 k\u00fclf\u00f6ldi di\u00e1k iratkozik be valamelyik amerikai egyetemre. A m\u00e9lt\u00e1n vil\u00e1gh\u00edres Harvard \u00e9s Princeton Egyetem mellett m\u00e9g mintegy 4.500 kiv\u00e1l\u00f3an felszerelt int\u00e9zm\u00e9ny, nemzetk\u00f6zileg elismert oktat\u00f3kkal, vend\u00e9gel\u0151ad\u00f3kkal, sokszor Nobel-d\u00edjas kutat\u00f3kkal v\u00e1rja a hallgat\u00f3kat, akikkel az interakt\u00edv \u00f3r\u00e1kon k\u00edv\u00fcl is k\u00f6zvetlen a viszony.<\/p>\n<p>Kifejezett er\u0151ss\u00e9ge az amerikai oktat\u00e1snak, hogy \u00f6n\u00e1ll\u00f3 gondolkod\u00e1sra, probl\u00e9ma megold\u00e1sra, kreativit\u00e1sra \u00f6szt\u00f6n\u00f6z, ezzel jav\u00edtva a karrierlehet\u0151s\u00e9geket \u00e9s a munkaer\u0151piacon val\u00f3 elhelyezked\u00e9st. <span style=\"text-decoration: underline;\">Szakmai gyakorlatra<\/span> m\u00e9g a tanulm\u00e1nyok alatt vagy azok befejez\u00e9se ut\u00e1n is van lehet\u0151s\u00e9g. Az \u00f6n\u00e1ll\u00f3s\u00e1g, felel\u0151ss\u00e9gtudat \u00e9s magabiztoss\u00e1g elsaj\u00e1t\u00edt\u00e1sa vagy meger\u0151s\u00edt\u00e9se mellett azonban a hallgat\u00f3k belevethetik magukat a ny\u00fczsg\u0151 di\u00e1k\u00e9letbe is. T\u00f6bb sz\u00e1z di\u00e1kszervezet k\u00f6z\u00fcl lehet v\u00e1lasztani a szabadid\u0151 elt\u00f6lt\u00e9s\u00e9re \u00e9s \u00faj bar\u00e1tok szerz\u00e9s\u00e9re az afrikai t\u00e1nc klubt\u00f3l kezdve a kos\u00e1rcsapaton \u00e9s a m\u00e9rn\u00f6khallgat\u00f3k sz\u00f6vets\u00e9g\u00e9n \u00e1t a zsongl\u0151r klubig.<\/p>\n","protected":false},"excerpt":{"rendered":"<p>Mi\u00e9rt az USA? Nyelvtanul\u00e1s, kaland, karrier B\u00e1tran bevallhatjuk, hogy kev\u00e9s ann\u00e1l men\u0151bb dolog van, minthogy valaki az USA-ban j\u00e1rjon egyetemre. De tudnod kell, nagyon megk\u00e9rik az \u00e1r\u00e1t annak, hogy megismerhesd a leg\u00fajabb oktat\u00e1si trendeket, a legmodernebb technol\u00f3gi\u00e1t \u00e9s az elk\u00e9peszt\u0151en m\u00e1s szeml\u00e9letm\u00f3dot. Az amerikaiak erre azt mondj\u00e1k: a fels\u0151fok\u00fa tanulm\u00e1nyaidat egyfajta befektet\u00e9sk\u00e9nt kell felfognod, ami [&hellip;]<\/p>\n","protected":false},"author":1,"featured_media":0,"parent":0,"menu_order":0,"comment_status":"closed","ping_status":"open","template":"","meta":[],"_links":{"self":[{"href":"https:\/\/edusa.ittvasarolok.eu\/index.php?rest_route=\/wp\/v2\/pages\/606"}],"collection":[{"href":"https:\/\/edusa.ittvasarolok.eu\/index.php?rest_route=\/wp\/v2\/pages"}],"about":[{"href":"https:\/\/edusa.ittvasarolok.eu\/index.php?rest_route=\/wp\/v2\/types\/page"}],"author":[{"embeddable":true,"href":"https:\/\/edusa.ittvasarolok.eu\/index.php?rest_route=\/wp\/v2\/users\/1"}],"replies":[{"embeddable":true,"href":"https:\/\/edusa.ittvasarolok.eu\/index.php?rest_route=%2Fwp%2Fv2%2Fcomments&post=606"}],"version-history":[{"count":20,"href":"https:\/\/edusa.ittvasarolok.eu\/index.php?rest_route=\/wp\/v2\/pages\/606\/revisions"}],"predecessor-version":[{"id":942,"href":"https:\/\/edusa.ittvasarolok.eu\/index.php?rest_route=\/wp\/v2\/pages\/606\/revisions\/942"}],"wp:attachment":[{"href":"https:\/\/edusa.ittvasarolok.eu\/index.php?rest_route=%2Fwp%2Fv2%2Fmedia&parent=606"}],"curies":[{"name":"wp","href":"https:\/\/api.w.org\/{rel}","templated":true}]}}