{"id":579,"date":"2010-05-17T21:14:25","date_gmt":"2010-05-17T20:14:25","guid":{"rendered":"http:\/\/www.educationusa.hu\/?page_id=579"},"modified":"2020-05-27T18:50:16","modified_gmt":"2020-05-27T17:50:16","slug":"nyari-diakmunka","status":"publish","type":"page","link":"https:\/\/edusa.ittvasarolok.eu\/?page_id=579","title":{"rendered":"Ny\u00e1ri Di\u00e1kmunka"},"content":{"rendered":"<h2>Ny\u00e1ri Di\u00e1kmunka<\/h2>\n<p><strong>Summer Work &amp; Travel program<\/strong><\/p>\n<p>A Ny\u00e1ri Di\u00e1kmunka\/Utaz\u00e1si Program keret\u00e9ben a k\u00fclf\u00f6ldi \u00e9retts\u00e9gizett fiataloknak lehet\u0151s\u00e9g\u00fck ny\u00edlik arra, hogy ny\u00e1ri sz\u00fcnidej\u00fck alatt, maximum 4 h\u00f3napos id\u0151tartamra, id\u0151szakos munkav\u00e1llal\u00f3k\u00e9nt r\u00e9szt vegyenek az amerikai mindennapi \u00e9letben. Az OKJ-s k\u00e9pz\u00e9st folytat\u00f3 tanul\u00f3k nem jogosultak r\u00e9szt venni a Ny\u00e1ri Di\u00e1kmunka\/Utaz\u00e1si Programban.<\/p>\n<p>Az Amerikai K\u00fcl\u00fcgyminiszt\u00e9rium kijel\u00f6lt olyan USA szervezeteket, amelyek fel\u00fcgyelik a csereprogramokat.  Ezeket t\u00e1mogat\u00f3 szervezeteknek tekintj\u00fck.  A Ny\u00e1ri Di\u00e1kmunka\/Utaz\u00e1si Program t\u00e1mogat\u00f3 szervezeteinek list\u00e1ja a <a href=\"http:\/\/j1visa.state.gov\/participants\/how-to-apply\/sponsor-search\/\" target=\"_blank\">Designated Sponsors<\/a> oldalon tal\u00e1lhat\u00f3.<\/p>\n<p>A Programr\u00f3l r\u00e9szletes (angol nyelv\u0171) ismertet\u00e9st tal\u00e1lsz az USA K\u00fcl\u00fcgyminiszt\u00e9riuma <a href=\"http:\/\/j1visa.state.gov\/programs\/summer-work-travel\" target=\"_blank\">Summer Work Travel<\/a> oldal\u00e1n.<\/p>\n<p>Lehet\u0151s\u00e9gek:<br \/>\n&#8211; Ny\u00e1ri vend\u00e9gl\u00e1t\u00f3s munka, munka \u00e9letment\u0151k\u00e9nt, gyerekt\u00e1bori munk\u00e1k<\/p>\n<p><strong>Camp Counselor program<\/strong><\/p>\n<p>&#8211; Ny\u00e1ri gyerekt\u00e1bori munk\u00e1k: Camp Counselors *<\/p>\n<p>A Summer Work and Travel programokkal ellent\u00e9tben <a href=\"http:\/\/j1visa.state.gov\/programs\/camp-counselor\/\" target=\"_blank\">Camp Counselor<\/a> lehet m\u00e1r v\u00e9gzett, hallgat\u00f3i jogviszonnyal nem rendelkez\u0151 szem\u00e9ly is.<\/p>\n<p><strong>CCUSA<\/strong><br \/>\n<iframe width=\"500\" height=\"281\" src=\"\/\/www.youtube.com\/embed\/6JxsQBP_5JA?rel=0\" frameborder=\"0\" allowfullscreen><\/iframe><br \/>\nNy\u00e1ri amerikai gyermekt\u00e1boroztat\u00e1s. Ny\u00e1ri vend\u00e9gl\u00e1t\u00f3s munka. Gyakornoki \u00e9v egy amerikai c\u00e9gn\u00e9l.<br \/>\n<a href=\"http:\/\/www.ccusa.hu\" target=\"_blank\">www.ccusa.hu<\/a><\/p>\n<p><strong>Camp Leaders<\/strong><br \/>\n<iframe src=\"http:\/\/player.vimeo.com\/video\/31426255?color=00aae3\" width=\"500\" height=\"281\" frameborder=\"0\" webkitAllowFullScreen mozallowfullscreen allowFullScreen><\/iframe><br \/>\n9 hetes ny\u00e1ri munka egy amerikai gyermekt\u00e1borban \u00e9s 1 h\u00f3napos utaz\u00e1s.<br \/>\n<a href=\"http:\/\/www.campleaders.com\/hu\/\" target=\"_blank\">www.campleaders.com<\/a><\/p>\n<p><strong>Camp America<\/strong><br \/>\n<iframe width=\"500\" height=\"281\" src=\"\/\/www.youtube.com\/embed\/7X2NxxlJwL0?rel=0\" frameborder=\"0\" allowfullscreen><\/iframe><br \/>\n9 hetes ny\u00e1ri munka egy amerikai gyermekt\u00e1borban \u00e9s 1 h\u00f3napos utaz\u00e1s.<br \/>\n<a href=\"https:\/\/www.campamerica.hu\/\" target=\"_blank\">www.campamerica.hu<\/a><\/p>\n<p><strong>U.S. Adventure<\/strong><br \/>\nNy\u00e1ri munka \u00e9letment\u0151k\u00e9nt.<br \/>\n<a href=\"http:\/\/www.usadventure.hu\" target=\"_blank\">www.usadventure.hu<\/a><\/p>\n<p><strong>WorkAbroad<\/strong><br \/>\nNy\u00e1ri munka \u00e9letment\u0151k\u00e9nt.<br \/>\n<a href=\"http:\/\/www.workabroad.hu\/\" target=\"_blank\">www.workabroad.hu<\/a><\/p>\n<p><strong>Bron-y-Aur<\/strong><br \/>\n<a href=\"http:\/\/www.bron-y-aur.hu\" target=\"_blank\">www.bron-y-aur.hu<\/a><br \/>\nSzakmai gyakorlat. Ny\u00e1ri di\u00e1kmunka.<br \/>\n<a href=\"http:\/\/www.internship.hu\" target=\"_blank\">www.internship.hu<\/a><\/p>\n<p><strong>APEX Foundation<\/strong><br \/>\nSzakmai gyakorlat. Ny\u00e1ri di\u00e1kmunka.<br \/>\n<a href=\"http:\/\/www.apex-foundation.org\" target=\"_blank\">www.apex-foundation.org<\/a><\/p>\n<p><strong>\u00c9lm\u00e9nybesz\u00e1mol\u00f3k<\/strong><br \/>\n<img loading=\"lazy\" class=\"alignleft\" src=\"http:\/\/www.educationusa.hu\/wp-content\/summerjobs.jpg\" alt=\"\" width=\"130\" height=\"130\" \/><br \/>\n<a href=\"http:\/\/www.educationusa.hu\/wp-content\/summerjobs1.pdf\">Judit<\/a><br \/>\n<a href=\"http:\/\/www.educationusa.hu\/wp-content\/summerjobs2.pdf\">Hudi<\/a><br \/>\n<a href=\"http:\/\/www.educationusa.hu\/wp-content\/summerjobs3.pdf\">N\u00f3ra<\/a><br \/>\n<a href=\"http:\/\/www.educationusa.hu\/wp-content\/summerjobs4.pdf\">Eszter<\/a><\/p>\n<p>A budapesti Amerikai Nagyk\u00f6vets\u00e9g  2009. m\u00e1rcius 5-i  magyar nyelv\u0171 WebF\u00f3ruma \u201cNy\u00e1ri Di\u00e1kmunka &#8211; Utaz\u00e1si Program\u201d az Egyes\u00fclt \u00c1llamokban t\u00e9mak\u00f6rben.<\/p>\n","protected":false},"excerpt":{"rendered":"<p>Ny\u00e1ri Di\u00e1kmunka Summer Work &amp; Travel program A Ny\u00e1ri Di\u00e1kmunka\/Utaz\u00e1si Program keret\u00e9ben a k\u00fclf\u00f6ldi \u00e9retts\u00e9gizett fiataloknak lehet\u0151s\u00e9g\u00fck ny\u00edlik arra, hogy ny\u00e1ri sz\u00fcnidej\u00fck alatt, maximum 4 h\u00f3napos id\u0151tartamra, id\u0151szakos munkav\u00e1llal\u00f3k\u00e9nt r\u00e9szt vegyenek az amerikai mindennapi \u00e9letben. Az OKJ-s k\u00e9pz\u00e9st folytat\u00f3 tanul\u00f3k nem jogosultak r\u00e9szt venni a Ny\u00e1ri Di\u00e1kmunka\/Utaz\u00e1si Programban. Az Amerikai K\u00fcl\u00fcgyminiszt\u00e9rium kijel\u00f6lt olyan USA szervezeteket, [&hellip;]<\/p>\n","protected":false},"author":1,"featured_media":0,"parent":28,"menu_order":4010,"comment_status":"open","ping_status":"open","template":"","meta":[],"_links":{"self":[{"href":"https:\/\/edusa.ittvasarolok.eu\/index.php?rest_route=\/wp\/v2\/pages\/579"}],"collection":[{"href":"https:\/\/edusa.ittvasarolok.eu\/index.php?rest_route=\/wp\/v2\/pages"}],"about":[{"href":"https:\/\/edusa.ittvasarolok.eu\/index.php?rest_route=\/wp\/v2\/types\/page"}],"author":[{"embeddable":true,"href":"https:\/\/edusa.ittvasarolok.eu\/index.php?rest_route=\/wp\/v2\/users\/1"}],"replies":[{"embeddable":true,"href":"https:\/\/edusa.ittvasarolok.eu\/index.php?rest_route=%2Fwp%2Fv2%2Fcomments&post=579"}],"version-history":[{"count":29,"href":"https:\/\/edusa.ittvasarolok.eu\/index.php?rest_route=\/wp\/v2\/pages\/579\/revisions"}],"predecessor-version":[{"id":1020,"href":"https:\/\/edusa.ittvasarolok.eu\/index.php?rest_route=\/wp\/v2\/pages\/579\/revisions\/1020"}],"up":[{"embeddable":true,"href":"https:\/\/edusa.ittvasarolok.eu\/index.php?rest_route=\/wp\/v2\/pages\/28"}],"wp:attachment":[{"href":"https:\/\/edusa.ittvasarolok.eu\/index.php?rest_route=%2Fwp%2Fv2%2Fmedia&parent=579"}],"curies":[{"name":"wp","href":"https:\/\/api.w.org\/{rel}","templated":true}]}}