{"id":330,"date":"2010-02-25T16:46:54","date_gmt":"2010-02-25T15:46:54","guid":{"rendered":"http:\/\/www.educationusa.hu\/?page_id=330"},"modified":"2010-03-02T18:49:49","modified_gmt":"2010-03-02T17:49:49","slug":"finanszirozas","status":"publish","type":"page","link":"https:\/\/edusa.ittvasarolok.eu\/?page_id=330","title":{"rendered":"Finansz\u00edroz\u00e1s"},"content":{"rendered":"<h2><strong>Finansz\u00edroz\u00e1s<\/strong><\/h2>\n<p>Mennyibe ker\u00fcl f\u00e9l \/egy\/ n\u00e9gy \u00e9v egy amerikai egyetemen? Vannak-e \u00f6szt\u00f6nd\u00edjak? Hogyan cs\u00f6kkenthet\u0151 a tand\u00edj? V\u00e1llalhatok-e egyetemi di\u00e1kmunk\u00e1t?<\/p>\n<p>Mennyibe ker\u00fcl majd?<br \/>\nAhhoz, hogy ak\u00e1r hozz\u00e1vet\u0151legesen ki tudd sz\u00e1molni, mennyit kell befektetned az amerikai tanulm\u00e1nyaidba el\u0151sz\u00f6r is n\u00e9h\u00e1ny k\u00e9rd\u00e9st magadban kell tiszt\u00e1znod \u00e9s megv\u00e1laszolnod.<\/p>\n<p>1.\tMilyen \u201eszervez\u00e9sben\u201d szeretn\u00e9l kijutni?<\/p>\n<blockquote><p>a.\tValamilyen int\u00e9zm\u00e9ny, int\u00e9zet, szervezet, alap\u00edtv\u00e1ny, stb. \u00f6szt\u00f6nd\u00edj-programj\u00e1ra jelentkezel (pl.: egyetemi csereprogram, ISEP, HAESF, Fulbright, stb.)<br \/>\nb.\tSaj\u00e1t elk\u00e9pzel\u00e9seid alapj\u00e1n v\u00e1lasztasz a k\u00f6zel 4000 amerikai fels\u0151oktat\u00e1si int\u00e9zm\u00e9ny k\u00f6z\u00fcl, ahov\u00e1 k\u00f6zvetlen\u00fcl ny\u00fajtod be a felv\u00e9teli anyagodat.<br \/>\nc.\ta.+ b. \u2013 az amerikai egyetemre k\u00f6zvetlen\u00fcl ny\u00fajtod be p\u00e1ly\u00e1zati anyagodat, de anyagi t\u00e1mogat\u00e1s\u00e9rt p\u00e1ly\u00e1zol m\u00e1s szervezethez is.<\/p><\/blockquote>\n<p>2.\tMit szeretn\u00e9l tanulni? Alap- vagy mesterk\u00e9pz\u00e9sben? Melyik \u00e1llamban szeretn\u00e9l tanulni? Kis vagy nagyv\u00e1rosban? Mekkora egyetemen? Milyen int\u00e9zm\u00e9nyt\u00edpusban? Koll\u00e9giumban vagy alb\u00e9rletben lakn\u00e1l?<br \/>\nLink: V\u00e1laszt\u00e1si szempontok<br \/>\nR\u00e9szletesebben: <a href=\"http:\/\/www.educationusa.hu\/?page_id=354\">Fogalomt\u00e1r<\/a><\/p>\n<p>3.\tAmint ezekre a k\u00e9rd\u00e9sekre megadtad a v\u00e1laszt m\u00e1r egyszer\u0171en lesz\u0171k\u00edthet\u0151 azoknak az int\u00e9zm\u00e9nyeknek a sz\u00e1ma, amik sz\u00f3ba j\u00f6hetnek. A <a href=\"http:\/\/www.collegeboard.com\" target=\"_blank\">www.collegeboard.com<\/a> oldalon egyszer\u0171 be\u00e1ll\u00edt\u00e1sokkal k\u00f6nnyen kiz\u00e1rhatod a sz\u00e1modra nem ide\u00e1lis int\u00e9zm\u00e9nyeket.<\/p>\n<p>4.\tV\u00e1laszd ki a legszimpatikusabb int\u00e9zm\u00e9nyeket \u00e9s t\u00e1j\u00e9koz\u00f3dj a honlapjukon a k\u00e9pz\u00e9sr\u0151l, a di\u00e1k\u00e9letr\u0151l, a tand\u00edjr\u00f3l, a megp\u00e1ly\u00e1zhat\u00f3 anyagi t\u00e1mogat\u00e1sr\u00f3l, stb.<\/p>\n<p>5.\tA v\u00e9g\u00f6sszeg, amit be kell fektetned = tand\u00edj &#8211; (anyagi t\u00e1mogat\u00e1s az egyetemt\u0151l vagy m\u00e1s int\u00e9zm\u00e9nyt\u0151l + k\u00f6lts\u00e9gcs\u00f6kkent\u0151 m\u00f3dszerekkel megsp\u00f3rolt \u00f6sszeg + egyetemi di\u00e1kmunk\u00e1b\u00f3l befoly\u00f3 \u00f6sszeg)<br \/>\nR\u00e9szletesebben: <a href=\"http:\/\/www.educationusa.hu\/wp-content\/Funding.pdf\" target=\"_blank\">Funding.pdf<\/a><\/p>\n<p>Mik a konkr\u00e9t k\u00f6lts\u00e9gek, amikkel sz\u00e1molnom kell?<\/p>\n<ul>\n<li>Tand\u00edj<\/li>\n<li>Sz\u00e1ll\u00e1s \u00e9s \u00e9tkez\u00e9s<\/li>\n<li>\u00datik\u00f6lts\u00e9g, k\u00f6zleked\u00e9s<\/li>\n<li>Tank\u00f6nyvek<\/li>\n<li>Egy\u00e9b szem\u00e9lyes kiad\u00e1sok (mozi, meccs, biztos\u00edt\u00e1s, stb.)<\/li>\n<li>V\u00edzum, SEVIS d\u00edj<\/li>\n<\/ul>\n<p>A magyar egyetemekkel szemben az Egyes\u00fclt \u00c1llamokban nincs \u00e1llamilag finansz\u00edrozott k\u00e9pz\u00e9s a fels\u0151oktat\u00e1si int\u00e9zm\u00e9nyekben. Minden hallgat\u00f3 mag\u00e1nak \u00e1llja tanulm\u00e1nyainak k\u00f6lts\u00e9geit, legt\u00f6bbsz\u00f6r k\u00fcl\u00f6nb\u00f6z\u0151 forr\u00e1sokhoz folyamodva. Idej\u00e9ben \u00e9rdemes megbesz\u00e9lni, mennyit lehet a csal\u00e1di kassz\u00e1b\u00f3l erre \u00e1ldozni, mennyi a megtakar\u00edtott t\u0151k\u00e9d, ezt hogyan \u00e9s mennyivel tudod m\u00e9g n\u00f6velni. Az oktat\u00e1si int\u00e9zm\u00e9nyek maguk is sok esetben aj\u00e1nlanak anyagi t\u00e1mogat\u00e1st a nemzetk\u00f6zi hallgat\u00f3k sz\u00e1m\u00e1ra, de term\u00e9szetesen ezt meg kell p\u00e1ly\u00e1zni.<br \/>\nLink: A magyar \u00e9s amerikai fels\u0151oktat\u00e1s k\u00fcl\u00f6nbs\u00e9gei<\/p>\n<p>Milyen \u00f6szt\u00f6nd\u00edjak l\u00e9teznek? Hol tal\u00e1lok ezekr\u0151l inform\u00e1ci\u00f3t?<br \/>\nAnyagi t\u00e1mogat\u00e1s\u00e9rt (financial aid) t\u00f6bb forr\u00e1shoz is fordulhatsz. \u00c9rdemes tudni, hogy ezek\u00e9rt a t\u00e1mogat\u00e1sok\u00e9rt nagy a verseny \u00e9s nagyon j\u00f3 jelentkez\u00e9si anyaggal kell indulnod, hogy megkapd.<\/p>\n<ul>\n<li>Az egyetem, ahov\u00e1 jelentkezel (az inf\u00f3t keresd a honlapon, vagy vedd fel a kapcsolatot a nemzetk\u00f6zi felv\u00e9teli irod\u00e1val)<\/li>\n<li>K\u00fcl\u00f6nf\u00e9le magyar vagy nemzetk\u00f6zi szervezetek:  <a href=\"http:\/\/www.fundingusstudy.org\/SearchResult.asp?area=3&amp;area2=9&amp;area3=116\" target=\"_blank\">www.fundingusstudy.org<\/a><\/li>\n<li>Sport\u00f6szt\u00f6nd\u00edjak: <a href=\"http:\/\/www.educationusa.hu\/wp-content\/AthleticScholarships.pdf\" target=\"_blank\">AthleticScholarships.pdf<\/a><\/li>\n<li>Fogalomt\u00e1r: <a href=\"http:\/\/www.educationusa.hu\/?page_id=354#financial\">Financial aid<\/a> versus <a href=\"http:\/\/www.educationusa.hu\/?page_id=354#scholarship\">scholarship<\/a><\/li>\n<\/ul>\n<p>A bead\u00e1si hat\u00e1rid\u0151ket felt\u00e9tlen\u00fcl tartsd be, el\u0151re \u00edrd be ezeket az id\u0151pontokat az egy\/m\u00e1sf\u00e9l \u00e9ves \u00fctemtervedbe, hogy v\u00e9letlen\u00fcl se cs\u00fassz le semmir\u0151l.<\/p>\n<ul>\n<li>Link to Timetable<\/li>\n<\/ul>\n<p>Hogyan cs\u00f6kkenthet\u0151 a tand\u00edj?<\/p>\n<ul>\n<li>Az egyetemen v\u00e1llalhatsz di\u00e1kmunk\u00e1t (max. heti 20 \u00f3r\u00e1t)<\/li>\n<li>Ha alapk\u00e9pz\u00e9sre jelentkezel, \u00e9rdemes megfontolni, hogy \u00fagynevezett community college-ba jelentkezz, aminek a tand\u00edja alacsonyabb a college-ok\u00e9n\u00e1l<\/li>\n<li>Gyors\u00edtott programban ny\u00e1ron is vehetsz fel kreditet \u00e9r\u0151 kurzusokat, \u00edgy hamarabb befejezheted tanulm\u00e1nyaidat<\/li>\n<\/ul>\n<p>R\u00e9szletesebben: <a href=\"http:\/\/www.educationusa.hu\/wp-content\/Funding.pdf\" target=\"_blank\">Funding.pdf<\/a><\/p>\n<p>Hogyan kell befizetni a tand\u00edjat? Lehet-e r\u00e9szletben fizetni?<\/p>\n<p>A tanul\u00f3i v\u00edzum interj\u00fad sor\u00e1n, a konzul\u00e1tuson igazolnod kell hivatalos dokumentumok bemutat\u00e1s\u00e1val, hogy tanulm\u00e1nyaid fedez\u00e9s\u00e9re a sz\u00e1ml\u00e1don rendelkez\u00e9sedre \u00e1ll az egyetem \u00e1ltal el\u0151\u00edrt \u00f6sszeg. Amennyiben ez nem t\u00f6rt\u00e9nik meg, a k\u00f6vets\u00e9g nem fog v\u00edzumot adni.<br \/>\nR\u00e9szletfizet\u00e9sre sajnos nincs lehet\u0151s\u00e9g \u00e9pp a fenti igazol\u00e1s sz\u00fcks\u00e9gess\u00e9ge miatt.<\/p>\n<table border=\"0\">\n<tbody>\n<tr align=\"top\">\n<td align=\"top\">\n<div style=\"width: 120px\" class=\"wp-caption alignnone\"><a href=\"http:\/\/www.educationusa.hu\/wp-content\/FundingAndAssistantships.pdf\" target=\"_blank\"><img loading=\"lazy\" title=\"Funding and Assistantships - Financing Graduate Education in the USA\" src=\"http:\/\/www.educationusa.hu\/wp-content\/FundingAndAssistantships.jpg\" alt=\"Funding and Assistantships - Financing Graduate Education in the USA\" width=\"110\" height=\"155\" \/><\/a><p class=\"wp-caption-text\">Funding and Assistantships - Financing Graduate Education in the USA<\/p><\/div><\/td>\n<td align=\"top\">\n<div style=\"width: 120px\" class=\"wp-caption alignnone\"><a href=\"http:\/\/www.educationusa.hu\/wp-content\/Funding.pdf\" target=\"_blank\"><img loading=\"lazy\" title=\"Funding for U.S. Study - Lower your tuition bill\" src=\"http:\/\/www.educationusa.hu\/wp-content\/funding.jpg\" alt=\"Funding for U.S. Study - Lower your tuition bill\" width=\"110\" height=\"155\" \/><\/a><p class=\"wp-caption-text\">Funding for U.S. Study - Lower your tuition bill<\/p><\/div><\/td>\n<td align=\"top\">\n<div style=\"width: 120px\" class=\"wp-caption alignnone\"><a href=\"http:\/\/www.educationusa.hu\/wp-content\/AthleticScholarships.pdf\" target=\"_blank\"><img loading=\"lazy\" title=\"Athletic Scholarships\" src=\"http:\/\/www.educationusa.hu\/wp-content\/athleticscholarships.jpg\" alt=\"Athletic Scholarships\" width=\"110\" height=\"155\" \/><\/a><p class=\"wp-caption-text\">Athletic Scholarships<\/p><\/div><\/td>\n<\/tr>\n<\/tbody>\n<\/table>\n","protected":false},"excerpt":{"rendered":"<p>Finansz\u00edroz\u00e1s Mennyibe ker\u00fcl f\u00e9l \/egy\/ n\u00e9gy \u00e9v egy amerikai egyetemen? Vannak-e \u00f6szt\u00f6nd\u00edjak? Hogyan cs\u00f6kkenthet\u0151 a tand\u00edj? V\u00e1llalhatok-e egyetemi di\u00e1kmunk\u00e1t? Mennyibe ker\u00fcl majd? Ahhoz, hogy ak\u00e1r hozz\u00e1vet\u0151legesen ki tudd sz\u00e1molni, mennyit kell befektetned az amerikai tanulm\u00e1nyaidba el\u0151sz\u00f6r is n\u00e9h\u00e1ny k\u00e9rd\u00e9st magadban kell tiszt\u00e1znod \u00e9s megv\u00e1laszolnod. 1. Milyen \u201eszervez\u00e9sben\u201d szeretn\u00e9l kijutni? a. Valamilyen int\u00e9zm\u00e9ny, int\u00e9zet, szervezet, alap\u00edtv\u00e1ny, [&hellip;]<\/p>\n","protected":false},"author":1,"featured_media":0,"parent":8,"menu_order":1010,"comment_status":"closed","ping_status":"open","template":"","meta":[],"_links":{"self":[{"href":"https:\/\/edusa.ittvasarolok.eu\/index.php?rest_route=\/wp\/v2\/pages\/330"}],"collection":[{"href":"https:\/\/edusa.ittvasarolok.eu\/index.php?rest_route=\/wp\/v2\/pages"}],"about":[{"href":"https:\/\/edusa.ittvasarolok.eu\/index.php?rest_route=\/wp\/v2\/types\/page"}],"author":[{"embeddable":true,"href":"https:\/\/edusa.ittvasarolok.eu\/index.php?rest_route=\/wp\/v2\/users\/1"}],"replies":[{"embeddable":true,"href":"https:\/\/edusa.ittvasarolok.eu\/index.php?rest_route=%2Fwp%2Fv2%2Fcomments&post=330"}],"version-history":[{"count":32,"href":"https:\/\/edusa.ittvasarolok.eu\/index.php?rest_route=\/wp\/v2\/pages\/330\/revisions"}],"predecessor-version":[{"id":335,"href":"https:\/\/edusa.ittvasarolok.eu\/index.php?rest_route=\/wp\/v2\/pages\/330\/revisions\/335"}],"up":[{"embeddable":true,"href":"https:\/\/edusa.ittvasarolok.eu\/index.php?rest_route=\/wp\/v2\/pages\/8"}],"wp:attachment":[{"href":"https:\/\/edusa.ittvasarolok.eu\/index.php?rest_route=%2Fwp%2Fv2%2Fmedia&parent=330"}],"curies":[{"name":"wp","href":"https:\/\/api.w.org\/{rel}","templated":true}]}}