{"id":309,"date":"2010-02-25T01:10:14","date_gmt":"2010-02-25T00:10:14","guid":{"rendered":"http:\/\/www.educationusa.hu\/?page_id=309"},"modified":"2013-01-19T23:01:17","modified_gmt":"2013-01-19T22:01:17","slug":"alumni","status":"publish","type":"page","link":"https:\/\/edusa.ittvasarolok.eu\/?page_id=309","title":{"rendered":"\u00d6regdi\u00e1k szervezetek"},"content":{"rendered":"<h2><strong>\u00d6regdi\u00e1k szervezetek<\/strong><\/h2>\n<p><strong>Return &#8211; U.S. Alumni Hungary<\/strong><br \/>\n<object classid=\"clsid:d27cdb6e-ae6d-11cf-96b8-444553540000\" width=\"206\" height=\"242\" codebase=\"http:\/\/download.macromedia.com\/pub\/shockwave\/cabs\/flash\/swflash.cab#version=6,0,40,0\"><param name=\"bgcolor\" value=\"#FFFFFF\" \/><param name=\"flashvars\" value=\"backgroundColor=0xFFFFFF&amp;textColor=0x00CCCC&amp;config=http%3A%2F%2Fusalumni.ning.com%2Fmain%2Fbadge%2FshowPlayerConfig%3Fxg_source%3Dbadge%26size%3Dlarge\" \/><param name=\"src\" value=\"http:\/\/static.ning.com\/socialnetworkmain\/widgets\/index\/swf\/badge.swf?v=201002241300\" \/><param name=\"wmode\" value=\"opaque\" \/><param name=\"allowfullscreen\" value=\"true\" \/><embed type=\"application\/x-shockwave-flash\" width=\"206\" height=\"242\" src=\"http:\/\/static.ning.com\/socialnetworkmain\/widgets\/index\/swf\/badge.swf?v=201002241300\" allowfullscreen=\"true\" wmode=\"opaque\" flashvars=\"backgroundColor=0xFFFFFF&amp;textColor=0x00CCCC&amp;config=http%3A%2F%2Fusalumni.ning.com%2Fmain%2Fbadge%2FshowPlayerConfig%3Fxg_source%3Dbadge%26size%3Dlarge\" bgcolor=\"#FFFFFF\"><\/embed><\/object><br \/>\n<a href=\"http:\/\/usalumni.ning.com\" target=\"_blank\">usalumni.ning.com<\/a><br \/>\n<a href=\"http:\/\/return.pontezit.hu\" target=\"_blank\">return.pontezit.hu<\/a><\/p>\n<p><strong>Fulbright Alumni Egyes\u00fclet<\/strong><br \/>\n<a href=\"http:\/\/www.fulbrightegyesulet.hu\" target=\"_blank\">www.fulbrightegyesulet.hu<\/a><br \/>\n<a href=\"http:\/\/www.fulbright.hu\/hungarian-grantees-to-the-u-s\/\" target=\"_blank\">www.fulbright.hu\/hungarian-grantees-to-the-u-s<\/a><\/p>\n<p><strong>HAESF Alumni<\/strong><br \/>\n<a href=\"http:\/\/www.haesf.org\/alumni\/facebooks.html\" target=\"_blank\">www.haesf.org\/alumni\/facebooks.html<\/a><\/p>\n<p><strong>CTP Alumni<\/strong><br \/>\n<a href=\"http:\/\/ctpinfo.hu\/\" target=\"_blank\">ctpinfo.hu<\/a><\/p>\n<p><strong>Kellner Alumni Association<\/strong><br \/>\n<a href=\"http:\/\/www.kellner-scholarship.hu\/menu4.html\" target=\"_blank\">www.kellner-scholarship.hu\/menu4.html<\/a><\/p>\n<p><strong>HAC Congressional Internship Alumni<\/strong><br \/>\n<a href=\"http:\/\/www.hacusa.org\/press\/CIP_041610.html\" target=\"_blank\">www.hacusa.org\/press\/CIP_041610.html<\/a><\/p>\n<p><strong>Hungarian Medical Association of America Alumni<\/strong><br \/>\n<a href=\"http:\/\/www.hmaa.org\" target=\"_blank\">www.hmaa.org<\/a><\/p>\n<p><strong>Eisenhower Fellowship Alumni<\/strong><br \/>\n<a href=\"http:\/\/www.efworld.org\/alumni\/eisenhower_fellowships_about_the_network.php\" target=\"_blank\">www.efworld.org\/alumni\/eisenhower_fellowships_about_the_network.php<\/a><\/p>\n<p><strong>Ivy Plus<\/strong><br \/>\n<object classid=\"clsid:d27cdb6e-ae6d-11cf-96b8-444553540000\" width=\"206\" height=\"242\" codebase=\"http:\/\/download.macromedia.com\/pub\/shockwave\/cabs\/flash\/swflash.cab#version=6,0,40,0\"><param name=\"bgcolor\" value=\"#FFFFFF\" \/><param name=\"flashvars\" value=\"backgroundColor=0xFFFFFF&amp;textColor=0x339999&amp;config=http%3A%2F%2Fivyplus.ning.com%2Fmain%2Fbadge%2FshowPlayerConfig%3Fxg_source%3Dbadge%26size%3Dlarge\" \/><param name=\"src\" value=\"http:\/\/static.ning.com\/socialnetworkmain\/widgets\/index\/swf\/badge.swf?v=201002241300\" \/><param name=\"wmode\" value=\"opaque\" \/><param name=\"allowfullscreen\" value=\"true\" \/><embed type=\"application\/x-shockwave-flash\" width=\"206\" height=\"242\" src=\"http:\/\/static.ning.com\/socialnetworkmain\/widgets\/index\/swf\/badge.swf?v=201002241300\" allowfullscreen=\"true\" wmode=\"opaque\" flashvars=\"backgroundColor=0xFFFFFF&amp;textColor=0x339999&amp;config=http%3A%2F%2Fivyplus.ning.com%2Fmain%2Fbadge%2FshowPlayerConfig%3Fxg_source%3Dbadge%26size%3Dlarge\" bgcolor=\"#FFFFFF\"><\/embed><\/object><br \/>\n<a href=\"http:\/\/www.ivyplus.hu\" target=\"_blank\">www.ivyplus.hu<\/a><\/p>\n<p><strong>Harvard Club of Hungary<\/strong><br \/>\n<a href=\"http:\/\/www.harvardclub.hu\/\" target=\"_blank\">www.harvardclub.hu<\/a><\/p>\n","protected":false},"excerpt":{"rendered":"<p>\u00d6regdi\u00e1k szervezetek Return &#8211; U.S. Alumni Hungary usalumni.ning.com return.pontezit.hu Fulbright Alumni Egyes\u00fclet www.fulbrightegyesulet.hu www.fulbright.hu\/hungarian-grantees-to-the-u-s HAESF Alumni www.haesf.org\/alumni\/facebooks.html CTP Alumni ctpinfo.hu Kellner Alumni Association www.kellner-scholarship.hu\/menu4.html HAC Congressional Internship Alumni www.hacusa.org\/press\/CIP_041610.html Hungarian Medical Association of America Alumni www.hmaa.org Eisenhower Fellowship Alumni www.efworld.org\/alumni\/eisenhower_fellowships_about_the_network.php Ivy Plus www.ivyplus.hu Harvard Club of Hungary www.harvardclub.hu<\/p>\n","protected":false},"author":1,"featured_media":0,"parent":8,"menu_order":1020,"comment_status":"closed","ping_status":"open","template":"","meta":[],"_links":{"self":[{"href":"https:\/\/edusa.ittvasarolok.eu\/index.php?rest_route=\/wp\/v2\/pages\/309"}],"collection":[{"href":"https:\/\/edusa.ittvasarolok.eu\/index.php?rest_route=\/wp\/v2\/pages"}],"about":[{"href":"https:\/\/edusa.ittvasarolok.eu\/index.php?rest_route=\/wp\/v2\/types\/page"}],"author":[{"embeddable":true,"href":"https:\/\/edusa.ittvasarolok.eu\/index.php?rest_route=\/wp\/v2\/users\/1"}],"replies":[{"embeddable":true,"href":"https:\/\/edusa.ittvasarolok.eu\/index.php?rest_route=%2Fwp%2Fv2%2Fcomments&post=309"}],"version-history":[{"count":38,"href":"https:\/\/edusa.ittvasarolok.eu\/index.php?rest_route=\/wp\/v2\/pages\/309\/revisions"}],"predecessor-version":[{"id":313,"href":"https:\/\/edusa.ittvasarolok.eu\/index.php?rest_route=\/wp\/v2\/pages\/309\/revisions\/313"}],"up":[{"embeddable":true,"href":"https:\/\/edusa.ittvasarolok.eu\/index.php?rest_route=\/wp\/v2\/pages\/8"}],"wp:attachment":[{"href":"https:\/\/edusa.ittvasarolok.eu\/index.php?rest_route=%2Fwp%2Fv2%2Fmedia&parent=309"}],"curies":[{"name":"wp","href":"https:\/\/api.w.org\/{rel}","templated":true}]}}