{"id":24,"date":"2010-02-15T16:28:41","date_gmt":"2010-02-15T15:28:41","guid":{"rendered":"http:\/\/www.educationusa.hu\/?page_id=24"},"modified":"2016-01-28T17:26:13","modified_gmt":"2016-01-28T16:26:13","slug":"vizsgak","status":"publish","type":"page","link":"https:\/\/edusa.ittvasarolok.eu\/?page_id=24","title":{"rendered":"Vizsga"},"content":{"rendered":"<h2>Vizsg\u00e1k<\/h2>\n<div id=\"attachment_201\" style=\"width: 120px\" class=\"wp-caption alignnone\"><a href=\"http:\/\/www.educationusa.hu\/wp-content\/Testing.pdf\" target=\"_blank\"><img aria-describedby=\"caption-attachment-201\" loading=\"lazy\" class=\"size-full wp-image-201\" title=\"Graduate Admission Tests\" src=\"http:\/\/www.educationusa.hu\/wp-content\/Testing.jpg\" alt=\"Graduate Admission Tests\" width=\"110\" height=\"154\" \/><\/a><p id=\"caption-attachment-201\" class=\"wp-caption-text\">Graduate Admission Tests<\/p><\/div>\n<p>Az amerikai fels\u0151oktat\u00e1si int\u00e9zm\u00e9nyek tekintettel arra, hogy a vil\u00e1g minden t\u00e1j\u00e1r\u00f3l fogadnak hallgat\u00f3kat, egys\u00e9ges felv\u00e9teli vizsg\u00e1k let\u00e9tel\u00e9t k\u00e9rik a hozz\u00e1juk jelentkez\u0151kt\u0151l. Ezeket a vizsg\u00e1kat az \u00f6t kontinens sz\u00e1mos orsz\u00e1g\u00e1ban, \u00edgy Magyarorsz\u00e1gon is le lehet tenni.<br \/>\n<a name=\"toefl\"><\/a><\/p>\n<p>Nyelvi k\u00f6vetelm\u00e9nyk\u00e9nt a TOEFL iBT (internet Based Test)-et \u00e1ll\u00edtj\u00e1k Undergraduate \u00e9s Graduate szinten egyar\u00e1nt, a 0-t\u00f3l 120-ig terjed\u0151 pontsk\u00e1l\u00e1n a leggyakrabban 80-100 pontos teljes\u00edtm\u00e9nyt v\u00e1rva. Az int\u00e9zm\u00e9nyek minden esetben maguk hat\u00e1rozz\u00e1k meg az \u00e1ltaluk elv\u00e1rt pontsz\u00e1mot.<\/p>\n<p>Regisztr\u00e1lni a <a href=\"http:\/\/www.toefl.org\" target=\"_blank\">www.toefl.org<\/a> website-on lehet egy online profile l\u00e9trehoz\u00e1s\u00e1val. Javasoljuk, hogy a felhaszn\u00e1l\u00f3i nevedet \u00e9s jelszavadat j\u00f3l jegyezd meg, mert a vizsga ut\u00e1n pontsz\u00e1maidat is ezen a profile-on tekintheted majd meg el\u0151sz\u00f6r.<\/p>\n<p>A vizsg\u00e1r\u00f3l tov\u00e1bbi inform\u00e1ci\u00f3kat a <a href=\"http:\/\/www.toefl.org\" target=\"_blank\">www.toefl.org<\/a> website-on, illetve az EducationUSA Tanulm\u00e1nyi Tan\u00e1csad\u00f3 K\u00f6zpontokban tal\u00e1lsz, ahol felk\u00e9sz\u00fcl\u00e9sedet is seg\u00edtik.<\/p>\n<p><a href=\"http:\/\/www.educationusa.hu\/wp-content\/TestingChartGraduate2016.pdf\" target=\"_blank\">Standardized Admissions Tests Chart for Graduate Application<\/a><\/p>\n<p><a href=\"http:\/\/www.educationusa.hu\/wp-content\/TestingChartUndergraduate2016.pdf\" target=\"_blank\">Standardized Admissions Tests Chart for Undergraduate Application<\/a><br \/>\n<a name=\"satact\"><\/a><\/p>\n<p>Undergraduate tanulm\u00e1nyokhoz k\u00f6vetelm\u00e9ny az SAT, vagy az ACT vizsga, melyek az amerikai \u00e9retts\u00e9gi vizsg\u00e1knak tekinthet\u0151k. Felt\u00e9tlen\u00fcl figyelni kell arra, hogy az \u00e1ltalad kiszemelt int\u00e9zm\u00e9ny melyiket fogadja el. Abban az esetben, ha mindkett\u0151t, Ti\u00e9d a v\u00e1laszt\u00e1s. Az elv\u00e1rt SAT ill. ACT pontokr\u00f3l az egyetemek honlapj\u00e1n t\u00e1j\u00e9koz\u00f3dhatsz, tekintettel arra, hogy ezt is int\u00e9zm\u00e9nye v\u00e1logatja. Felk\u00e9sz\u00fcl\u00e9sedhez seg\u00edts\u00e9get az EducationUSA Tanulm\u00e1nyi Tan\u00e1csad\u00f3 K\u00f6zpontokban tal\u00e1lsz, a vizsg\u00e1kra pedig a honlapjukon kereszt\u00fcl lehet jelentkezni.<\/p>\n<p>SAT: <a href=\"http:\/\/www.collegeboard.com\" target=\"_blank\">www.collegeboard.com<\/a><\/p>\n<p>ACT: <a href=\"http:\/\/www.actstudent.org\" target=\"_blank\">www.actstudent.org<\/a><\/p>\n<p><a name=\"gregmat\"><\/a><\/p>\n<p>Graduate tanulm\u00e1nyokhoz az egyetemek a GRE teszt let\u00e9tel\u00e9t k\u00e9rik, illetve \u00fczleti, p\u00e9nz\u00fcgyi ter\u00fcleten a GMAT a felv\u00e9teli k\u00f6vetelm\u00e9ny. Az egyetemek honlapj\u00e1n t\u00e1j\u00e9koz\u00f3dhatsz, hogy pontosan h\u00e1ny pontos vizsg\u00e1t tekintenek sikeresnek.<\/p>\n<p>Felk\u00e9sz\u00fcl\u00e9sedhez seg\u00edts\u00e9get az EducationUSA Tanulm\u00e1nyi Tan\u00e1csad\u00f3 K\u00f6zpontokban tal\u00e1lsz, a vizsg\u00e1kra a honlapjukon kereszt\u00fcl lehet jelentkezni.<\/p>\n<p>GRE: <a href=\"http:\/\/www.gre.org\" target=\"_blank\">www.gre.org<\/a><br \/>\n<a name=\"gmat\"><\/a><br \/>\nGMAT: <a href=\"http:\/\/www.mba.com\" target=\"_blank\">www.mba.com<\/a><\/p>\n<p>A Website for Teachers and Learners of English As a Foreign Language Abroad: <a href=\"http:\/\/americanenglish.state.gov\/\" target=\"_blank\">americanenglish.state.gov<\/a><\/p>\n","protected":false},"excerpt":{"rendered":"<p>Vizsg\u00e1k Az amerikai fels\u0151oktat\u00e1si int\u00e9zm\u00e9nyek tekintettel arra, hogy a vil\u00e1g minden t\u00e1j\u00e1r\u00f3l fogadnak hallgat\u00f3kat, egys\u00e9ges felv\u00e9teli vizsg\u00e1k let\u00e9tel\u00e9t k\u00e9rik a hozz\u00e1juk jelentkez\u0151kt\u0151l. Ezeket a vizsg\u00e1kat az \u00f6t kontinens sz\u00e1mos orsz\u00e1g\u00e1ban, \u00edgy Magyarorsz\u00e1gon is le lehet tenni. Nyelvi k\u00f6vetelm\u00e9nyk\u00e9nt a TOEFL iBT (internet Based Test)-et \u00e1ll\u00edtj\u00e1k Undergraduate \u00e9s Graduate szinten egyar\u00e1nt, a 0-t\u00f3l 120-ig terjed\u0151 pontsk\u00e1l\u00e1n [&hellip;]<\/p>\n","protected":false},"author":1,"featured_media":0,"parent":0,"menu_order":5000,"comment_status":"open","ping_status":"open","template":"","meta":[],"_links":{"self":[{"href":"https:\/\/edusa.ittvasarolok.eu\/index.php?rest_route=\/wp\/v2\/pages\/24"}],"collection":[{"href":"https:\/\/edusa.ittvasarolok.eu\/index.php?rest_route=\/wp\/v2\/pages"}],"about":[{"href":"https:\/\/edusa.ittvasarolok.eu\/index.php?rest_route=\/wp\/v2\/types\/page"}],"author":[{"embeddable":true,"href":"https:\/\/edusa.ittvasarolok.eu\/index.php?rest_route=\/wp\/v2\/users\/1"}],"replies":[{"embeddable":true,"href":"https:\/\/edusa.ittvasarolok.eu\/index.php?rest_route=%2Fwp%2Fv2%2Fcomments&post=24"}],"version-history":[{"count":33,"href":"https:\/\/edusa.ittvasarolok.eu\/index.php?rest_route=\/wp\/v2\/pages\/24\/revisions"}],"predecessor-version":[{"id":893,"href":"https:\/\/edusa.ittvasarolok.eu\/index.php?rest_route=\/wp\/v2\/pages\/24\/revisions\/893"}],"wp:attachment":[{"href":"https:\/\/edusa.ittvasarolok.eu\/index.php?rest_route=%2Fwp%2Fv2%2Fmedia&parent=24"}],"curies":[{"name":"wp","href":"https:\/\/api.w.org\/{rel}","templated":true}]}}