{"id":2,"date":"2009-12-08T14:46:21","date_gmt":"2009-12-08T13:46:21","guid":{"rendered":"http:\/\/www.educationusa.hu\/?page_id=2"},"modified":"2013-04-08T09:20:15","modified_gmt":"2013-04-08T08:20:15","slug":"video","status":"publish","type":"page","link":"https:\/\/edusa.ittvasarolok.eu\/?page_id=2","title":{"rendered":"Fels\u0151oktat\u00e1s"},"content":{"rendered":"<h2><strong>Amerikai fels\u0151oktat\u00e1s<\/strong><\/h2>\n<p>Az Amerikai Egyes\u00fclt \u00c1llamokbeli egyetemek \u00e9s f\u0151iskol\u00e1k nagyon magas sz\u00ednvonal\u00fa k\u00e9pz\u00e9st ny\u00fajtanak.<br \/>\nMivel t\u00f6bb, mint 4000 fels\u0151oktat\u00e1si int\u00e9zm\u00e9ny k\u00f6z\u00fcl v\u00e1laszthatsz, biztos, hogy megtal\u00e1lod azt, amelyik neked val\u00f3. Rendk\u00edv\u00fcl sz\u00e9les a k\u00edn\u00e1lat\u00a0az oktat\u00e1si programok, az iskolai \u00e9s lak\u00f3k\u00f6rnyezet, a felv\u00e9teli k\u00f6vetelm\u00e9nyek, a szakok \u00e9s tant\u00e1rgyak\u00a0tekintet\u00e9ben is. Egy amerikai egyetemen nagy szabads\u00e1got kapsz a kurzusaid kiv\u00e1laszt\u00e1s\u00e1ban, \u00e9s az int\u00e9zm\u00e9nyek k\u00f6z\u00f6tti \u00e1tj\u00e1r\u00e1s sem okozhat probl\u00e9m\u00e1t. Fektess be a j\u00f6v\u0151dbe, tanulj Te is az Egyes\u00fclt \u00c1llamokban!<\/p>\n<p>B\u0151vebb inform\u00e1ci\u00f3:<\/p>\n<p>Hol indulj el?<br \/>\n<a href=\"http:\/\/www.educationusa.info\/5_steps_to_study\/\" target=\"_blank\">5 Steps to U.S. Study<\/a><br \/>\n<a href=\"http:\/\/www.collegeboard.com\" target=\"_blank\">www.collegeboard.com<\/a><br \/>\n<a href=\"http:\/\/www.gradschools.com\" target=\"_blank\">www.gradschools.com<\/a><br \/>\n<a href=\"http:\/\/www.fulbright.hu\/educationusa\" target=\"_blank\">www.fulbright.hu\/educationusa<\/a><\/p>\n<p>2 \u00e9ves f\u0151iskol\u00e1k<br \/>\n<a href=\"http:\/\/www.communitycollegeusa.com\" target=\"_blank\">www.communitycollegeusa.com<\/a><\/p>\n<p>Finansz\u00edroz\u00e1s \u00e9s \u00f6szt\u00f6nd\u00edjak<br \/>\n<a href=\"http:\/\/www.fundingusstudy.org\" target=\"_blank\">www.fundingusstudy.org<\/a><br \/>\n<a href=\"http:\/\/www.educationusa.state.gov\" target=\"_blank\">www.educationusa.state.gov<\/a><\/p>\n<p>Sport\u00f6szt\u00f6nd\u00edjak<br \/>\n<a href=\"http:\/\/web1.ncaa.org\/onlineDir\/exec\/sponsorship\" target=\"_blank\">web1.ncaa.org\/onlineDir\/exec\/sponsorship<\/a><\/p>\n<p>Tesztek<br \/>\n<a href=\"http:\/\/www.ets.org\" target=\"_blank\">www.ets.org<\/a><br \/>\n<a href=\"http:\/\/www.prometric.com\" target=\"_blank\">www.prometric.com<\/a><br \/>\n<a href=\"http:\/\/www.educationusa.hu\/wp-content\/TestingChartGraduate.pdf\" target=\"_blank\">Standardized Admissions Tests for Graduate Application<\/a><br \/>\n<a href=\"http:\/\/www.educationusa.hu\/wp-content\/TestingChartUndergraduate.pdf\" target=\"_blank\">Standardized Admissions Tests for Undergraduate Application<\/a><\/p>\n<p>Szakter\u00fcletek<br \/>\n<a href=\"http:\/\/www.collegeboard.com\/csearch\/majors_careers\/profiles\/index.html\" target=\"_blank\">www.collegeboard.com\/csearch\/majors_careers\/profiles\/index.html<\/a><\/p>\n<p>Gyakorlatok \u00e9s r\u00f6vidt\u00e1v\u00fa programok<br \/>\n<a href=\"http:\/\/www.fastweb.com\/content\/college-jobs-internships\" target=\"_blank\">www.fastweb.com\/content\/college-jobs-internships<\/a><\/p>\n<p>Nyitott kurzusok az interneten<br \/>\n<a href=\"https:\/\/www.coursera.org\/\" target=\"_blank\">www.coursera.org<\/a><br \/>\n<a href=\"https:\/\/www.edx.org\/\" target=\"_blank\">www.edx.org<\/a><br \/>\n<a href=\"https:\/\/www.udacity.com\/\" target=\"_blank\">www.udacity.com<\/a><br \/>\n<a href=\"http:\/\/www.academicearth.org\/\" target=\"_blank\">www.academicearth.org<\/a><br \/>\n<a href=\"http:\/\/www.openculture.com\/free_certificate_courses\" target=\"_blank\">www.openculture.com<\/a><\/p>\n<table border=\"0\">\n<tbody>\n<tr align=\"top\">\n<td align=\"top\">\n<p><div style=\"width: 120px\" class=\"wp-caption alignnone\"><a href=\"http:\/\/www.educationusa.hu\/wp-content\/2YearColleges.pdf\" target=\"_blank\"><img loading=\"lazy\" title=\"Community Colleges in the USA\" src=\"http:\/\/www.educationusa.hu\/wp-content\/twoyearcolleges.jpg\" alt=\"Community Colleges in the USA\" width=\"110\" height=\"155\" \/><\/a><p class=\"wp-caption-text\">Community Colleges in the USA<\/p><\/div><\/td>\n<td align=\"top\">\n<p><div style=\"width: 120px\" class=\"wp-caption alignnone\"><a href=\"http:\/\/www.educationusa.hu\/wp-content\/UndergraduateGettingStarted.pdf\" target=\"_blank\"><img loading=\"lazy\" title=\"Getting started choosing an Accredited Institution\" src=\"http:\/\/www.educationusa.hu\/wp-content\/undergraduategettingstarted.jpg\" alt=\"Getting started choosing an Accredited Institution\" width=\"110\" height=\"155\" \/><\/a><p class=\"wp-caption-text\">Getting started choosing an Accredited Institution<\/p><\/div><\/td>\n<td align=\"top\">\n<p><div style=\"width: 120px\" class=\"wp-caption alignnone\"><a href=\"http:\/\/www.educationusa.hu\/wp-content\/GraduateGettingStarted.pdf\" target=\"_blank\"><img loading=\"lazy\" title=\"Getting started choosing a Graduate School\" src=\"http:\/\/www.educationusa.hu\/wp-content\/GraduateGettingStarted.jpg\" alt=\"Getting started choosing a Graduate School\" width=\"110\" height=\"155\" \/><\/a><p class=\"wp-caption-text\">Getting started choosing a Graduate School<\/p><\/div><\/td>\n<\/tr>\n<\/tbody>\n<\/table>\n<table border=\"0\">\n<tbody>\n<tr align=\"top\">\n<td align=\"top\">\n<p><div style=\"width: 120px\" class=\"wp-caption alignnone\"><a href=\"http:\/\/www.educationusa.hu\/wp-content\/FieldsOfStudy.pdf\" target=\"_blank\"><img loading=\"lazy\" title=\"Top Fields of Study\" src=\"http:\/\/www.educationusa.hu\/wp-content\/FieldsOfStudy.jpg\" alt=\"Top Fields of Study\" width=\"110\" height=\"155\" \/><\/a><p class=\"wp-caption-text\">Top Fields of Study<\/p><\/div><\/td>\n<td align=\"top\">\n<p><div style=\"width: 120px\" class=\"wp-caption alignnone\"><a href=\"http:\/\/www.educationusa.hu\/wp-content\/10TipsForRecommendationLetters.pdf\" target=\"_blank\"><img loading=\"lazy\" title=\"10 Tips for Recommendation Letters\" src=\"http:\/\/www.educationusa.hu\/wp-content\/10TipsForRecommendationLetters.jpg\" alt=\"10 Tips for Recommendation Letters\" width=\"110\" height=\"155\" \/><\/a><p class=\"wp-caption-text\">10 Tips for Recommendation Letters.pdf<\/p><\/div><\/td>\n<td align=\"top\">\n<p><div style=\"width: 120px\" class=\"wp-caption alignnone\"><a href=\"http:\/\/www.educationusa.hu\/wp-content\/7TipsForGraduateStudy.pdf\" target=\"_blank\"><img loading=\"lazy\" title=\"Seven pointers for completing your graduate school application(s)\" src=\"http:\/\/www.educationusa.hu\/wp-content\/7TipsForGraduateStudy.jpg\" alt=\"Seven pointers for completing your graduate school application(s)\" width=\"110\" height=\"155\" \/><\/a><p class=\"wp-caption-text\">Seven pointers for completing your graduate school application(s)<\/p><\/div><\/td>\n<\/tr>\n<\/tbody>\n<\/table>\n","protected":false},"excerpt":{"rendered":"<p>Amerikai fels\u0151oktat\u00e1s Az Amerikai Egyes\u00fclt \u00c1llamokbeli egyetemek \u00e9s f\u0151iskol\u00e1k nagyon magas sz\u00ednvonal\u00fa k\u00e9pz\u00e9st ny\u00fajtanak. Mivel t\u00f6bb, mint 4000 fels\u0151oktat\u00e1si int\u00e9zm\u00e9ny k\u00f6z\u00fcl v\u00e1laszthatsz, biztos, hogy megtal\u00e1lod azt, amelyik neked val\u00f3. Rendk\u00edv\u00fcl sz\u00e9les a k\u00edn\u00e1lat\u00a0az oktat\u00e1si programok, az iskolai \u00e9s lak\u00f3k\u00f6rnyezet, a felv\u00e9teli k\u00f6vetelm\u00e9nyek, a szakok \u00e9s tant\u00e1rgyak\u00a0tekintet\u00e9ben is. Egy amerikai egyetemen nagy szabads\u00e1got kapsz a kurzusaid [&hellip;]<\/p>\n","protected":false},"author":1,"featured_media":0,"parent":0,"menu_order":2000,"comment_status":"closed","ping_status":"open","template":"","meta":[],"_links":{"self":[{"href":"https:\/\/edusa.ittvasarolok.eu\/index.php?rest_route=\/wp\/v2\/pages\/2"}],"collection":[{"href":"https:\/\/edusa.ittvasarolok.eu\/index.php?rest_route=\/wp\/v2\/pages"}],"about":[{"href":"https:\/\/edusa.ittvasarolok.eu\/index.php?rest_route=\/wp\/v2\/types\/page"}],"author":[{"embeddable":true,"href":"https:\/\/edusa.ittvasarolok.eu\/index.php?rest_route=\/wp\/v2\/users\/1"}],"replies":[{"embeddable":true,"href":"https:\/\/edusa.ittvasarolok.eu\/index.php?rest_route=%2Fwp%2Fv2%2Fcomments&post=2"}],"version-history":[{"count":95,"href":"https:\/\/edusa.ittvasarolok.eu\/index.php?rest_route=\/wp\/v2\/pages\/2\/revisions"}],"predecessor-version":[{"id":4,"href":"https:\/\/edusa.ittvasarolok.eu\/index.php?rest_route=\/wp\/v2\/pages\/2\/revisions\/4"}],"wp:attachment":[{"href":"https:\/\/edusa.ittvasarolok.eu\/index.php?rest_route=%2Fwp%2Fv2%2Fmedia&parent=2"}],"curies":[{"name":"wp","href":"https:\/\/api.w.org\/{rel}","templated":true}]}}