{"id":213,"date":"2010-02-21T00:48:41","date_gmt":"2010-02-20T23:48:41","guid":{"rendered":"http:\/\/www.educationusa.hu\/?page_id=213"},"modified":"2010-12-15T00:18:20","modified_gmt":"2010-12-14T23:18:20","slug":"kerdezz","status":"publish","type":"page","link":"http:\/\/edusa.ittvasarolok.eu\/?page_id=213","title":{"rendered":"K\u00e9rdezz!"},"content":{"rendered":"\n<p><h2>V\u00e1rjuk a k\u00e9rd\u00e9seket!<\/h2><\/p>\r\n<!-- Fast Secure Contact Form plugin 3.0.3.2 - begin - FastSecureContactForm.com -->\r\n<a name=\"FSContact1\" id=\"FSContact1\"><\/a>\r\n<div style=\"width:375px;\">\r\n\r\n<form action=\"http:\/\/edusa.ittvasarolok.eu\/index.php?rest_route=%2Fwp%2Fv2%2Fpages%2F213#FSContact1\" id=\"si_contact_form1\" method=\"post\">\r\n<div style=\"text-align:left;\">\n<span class=\"required\"> *<\/span>(k\u00f6telez\u0151 mez\u0151)\r\n   <\/div>\r\n\r\n        <div style=\"text-align:left; padding-top:10px;\">\r\n                <label for=\"si_contact_CID1\">Tan\u00e1csad\u00f3 K\u00f6zpontok:<span class=\"required\"> *<\/span><\/label>\r\n        <\/div>\r\n        <div style=\"text-align:left;\">\r\n                \r\n                <select style=\"text-align:left;\" id=\"si_contact_CID1\" name=\"si_contact_CID\" >\r\n                <option value=\"\">V\u00e1lassz<\/option>\n                <option value=\"1\">Fulbright Budapest<\/option>\n                <option value=\"2\">Amerikai Kuck\u00f3 Debrecen<\/option>\n                <option value=\"3\">Amerikai Kuck\u00f3 Veszpr\u00e9m<\/option>\n                <option value=\"4\">Amerikai Kuck\u00f3 P\u00e9cs<\/option>\n                <option value=\"5\">Amerikai Kuck\u00f3 Szeged<\/option>\n                <\/select>\r\n      <\/div>\n\r\n        <div style=\"text-align:left; padding-top:10px;\">\r\n                <label for=\"si_contact_name1\">N\u00e9v:<span class=\"required\"> *<\/span><\/label>\r\n        <\/div>\r\n        <div style=\"text-align:left;\">\r\n                <input style=\"text-align:left;\" type=\"text\" id=\"si_contact_name1\" name=\"si_contact_name\" value=\"\"  size=\"40\" \/>\r\n        <\/div>\r\n\r\n        <div style=\"text-align:left; padding-top:10px;\">\r\n                <label for=\"si_contact_email1\">E-mail:<span class=\"required\"> *<\/span><\/label>\r\n        <\/div>\r\n        <div style=\"text-align:left;\">\r\n                <input style=\"text-align:left;\" type=\"email\" id=\"si_contact_email1\" name=\"si_contact_email\" value=\"\"  size=\"40\" \/>\r\n        <\/div>\r\n\r\n        <div style=\"text-align:left; padding-top:10px;\">\r\n                <label for=\"si_contact_subject1\">T\u00e1rgy:<span class=\"required\"> *<\/span><\/label>\r\n        <\/div>\r\n        <div style=\"text-align:left;\">\r\n                <input style=\"text-align:left;\" type=\"text\" id=\"si_contact_subject1\" name=\"si_contact_subject\" value=\"\"  size=\"40\" \/>\r\n        <\/div>\r\n\r\n        <div style=\"text-align:left; padding-top:10px;\">\r\n                <label for=\"si_contact_message1\">\u00dczenet:<span class=\"required\"> *<\/span><\/label>\r\n        <\/div>\r\n        <div style=\"text-align:left;\">\r\n                <textarea style=\"text-align:left;\" id=\"si_contact_message1\" name=\"si_contact_message\"  cols=\"40\" rows=\"15\"><\/textarea>\r\n        <\/div>\r\n\r\n<div style=\"text-align:left; padding-top:10px;\"> <\/div>\r\n <div style=\"width:250px; height:65px; padding-top:2px;\">\r\n    <img class=\"ctf-captcha\" id=\"si_image_ctf1\" style=\"border-style:none; margin:0; padding:0px; padding-right:5px; float:left;\" src=\"http:\/\/edusa.ittvasarolok.eu\/wp-content\/plugins\/si-contact-form\/captcha\/securimage_show.php?prefix=TzKLanH3ZWiAdA70\" width=\"175\" height=\"60\" alt=\"CAPTCHA Image\" title=\"CAPTCHA Image\" \/>\n    <input id=\"si_code_ctf_1\" type=\"hidden\" name=\"si_code_ctf_1\" value=\"TzKLanH3ZWiAdA70\" \/>\n    <div id=\"si_refresh_ctf1\">\n      <a href=\"#\" rel=\"nofollow\" title=\"Refresh Image\" onclick=\"si_contact_captcha_refresh('1','noaudio','\/wp-content\/plugins\/si-contact-form\/captcha','http:\/\/edusa.ittvasarolok.eu\/wp-content\/plugins\/si-contact-form\/captcha\/securimage_show.php?prefix='); return false;\">\n      <img src=\"http:\/\/edusa.ittvasarolok.eu\/wp-content\/plugins\/si-contact-form\/captcha\/images\/refresh.png\" width=\"22\" height=\"20\" alt=\"Refresh Image\" style=\"border-style:none; margin:0; padding:0px; vertical-align:bottom;\" onclick=\"this.blur();\" \/><\/a>\r\n   <\/div>\r\n   <\/div>\r\n\r\n      <div style=\"text-align:left; padding-top:10px;\">\r\n                <label for=\"si_contact_captcha_code1\">\u00cdrd be a fenti k\u00f3dot:<span class=\"required\"> *<\/span><\/label>\r\n        <\/div>\r\n        <div style=\"text-align:left;\">\r\n                <input style=\"text-align:left; margin:0; width:50px;\" type=\"text\" value=\"\" id=\"si_contact_captcha_code1\" name=\"si_contact_captcha_code\"  size=\"6\" \/>\r\n       <\/div>\r\n\n\r\n<div style=\"text-align:left; padding-top:2px;\">\r\n  <input type=\"hidden\" name=\"si_contact_action\" value=\"send\" \/>\r\n  <input type=\"hidden\" name=\"si_contact_form_id\" value=\"1\" \/>\r\n  <input type=\"submit\" id=\"fsc-submit\" style=\"margin 0;\" value=\"K\u00fcld\u00e9s\" \/> <\/div>\r\n\r\n<\/form>\r\n<\/div>\r\n\r\n<p style=\"font-size:x-small; font-weight:normal; padding-top:5px;\">Powered by <a href=\"http:\/\/wordpress.org\/extend\/plugins\/si-contact-form\/\">Fast Secure Contact Form<\/a><\/p>\r\n<!-- Fast Secure Contact Form plugin 3.0.3.2 - end - FastSecureContactForm.com -->\r\n\n","protected":false},"excerpt":{"rendered":"","protected":false},"author":1,"featured_media":0,"parent":0,"menu_order":0,"comment_status":"closed","ping_status":"open","template":"","meta":[],"_links":{"self":[{"href":"http:\/\/edusa.ittvasarolok.eu\/index.php?rest_route=\/wp\/v2\/pages\/213"}],"collection":[{"href":"http:\/\/edusa.ittvasarolok.eu\/index.php?rest_route=\/wp\/v2\/pages"}],"about":[{"href":"http:\/\/edusa.ittvasarolok.eu\/index.php?rest_route=\/wp\/v2\/types\/page"}],"author":[{"embeddable":true,"href":"http:\/\/edusa.ittvasarolok.eu\/index.php?rest_route=\/wp\/v2\/users\/1"}],"replies":[{"embeddable":true,"href":"http:\/\/edusa.ittvasarolok.eu\/index.php?rest_route=%2Fwp%2Fv2%2Fcomments&post=213"}],"version-history":[{"count":4,"href":"http:\/\/edusa.ittvasarolok.eu\/index.php?rest_route=\/wp\/v2\/pages\/213\/revisions"}],"predecessor-version":[{"id":663,"href":"http:\/\/edusa.ittvasarolok.eu\/index.php?rest_route=\/wp\/v2\/pages\/213\/revisions\/663"}],"wp:attachment":[{"href":"http:\/\/edusa.ittvasarolok.eu\/index.php?rest_route=%2Fwp%2Fv2%2Fmedia&parent=213"}],"curies":[{"name":"wp","href":"https:\/\/api.w.org\/{rel}","templated":true}]}}